{"id":996,"date":"2023-06-24T17:29:45","date_gmt":"2023-06-24T10:29:45","guid":{"rendered":"https:\/\/yinkata.com\/tusach\/index.php\/san-pham\/tranh-tuong-phat-giao-tay-tang\/"},"modified":"2023-06-25T18:20:30","modified_gmt":"2023-06-25T11:20:30","slug":"tranh-tuong-phat-giao-tay-tang","status":"publish","type":"product","link":"https:\/\/yinkata.com\/tusach\/index.php\/san-pham\/tranh-tuong-phat-giao-tay-tang\/","title":{"rendered":"TRANH T\u01af\u1ee2NG PH\u1eacT GI\u00c1O T\u00c2Y T\u1ea0NG"},"content":{"rendered":"<p>T\u00e1c Gi\u1ea3: Tu Vi\u1ec7n Lung-Ngon<br \/>\nD\u1ecbch Gi\u1ea3: &#8211;<br \/>\nNh\u00e0 Xu\u1ea5t B\u1ea3n: Nxb T\u00f4n Gi\u00e1o<br \/>\nNg\u00f4n Ng\u1eef: Ti\u1ebfng Vi\u1ec7t<\/p>\n","protected":false},"excerpt":{"rendered":"<p>T\u00e1c Gi\u1ea3: Tu Vi\u1ec7n Lung-Ngon D\u1ecbch Gi\u1ea3: &#8211; Nh\u00e0 Xu\u1ea5t B\u1ea3n: Nxb T\u00f4n Gi\u00e1o Ng\u00f4n Ng\u1eef: Ti\u1ebfng Vi\u1ec7t<\/p>\n","protected":false},"featured_media":1409,"comment_status":"open","ping_status":"closed","template":"","meta":[],"product_cat":[22],"product_tag":[],"class_list":["post-996","product","type-product","status-publish","has-post-thumbnail","hentry","product_cat-tgi"],"_links":{"self":[{"href":"https:\/\/yinkata.com\/tusach\/index.php\/wp-json\/wp\/v2\/product\/996","targetHints":{"allow":["GET"]}}],"collection":[{"href":"https:\/\/yinkata.com\/tusach\/index.php\/wp-json\/wp\/v2\/product"}],"about":[{"href":"https:\/\/yinkata.com\/tusach\/index.php\/wp-json\/wp\/v2\/types\/product"}],"replies":[{"embeddable":true,"href":"https:\/\/yinkata.com\/tusach\/index.php\/wp-json\/wp\/v2\/comments?post=996"}],"wp:featuredmedia":[{"embeddable":true,"href":"https:\/\/yinkata.com\/tusach\/index.php\/wp-json\/wp\/v2\/media\/1409"}],"wp:attachment":[{"href":"https:\/\/yinkata.com\/tusach\/index.php\/wp-json\/wp\/v2\/media?parent=996"}],"wp:term":[{"taxonomy":"product_cat","embeddable":true,"href":"https:\/\/yinkata.com\/tusach\/index.php\/wp-json\/wp\/v2\/product_cat?post=996"},{"taxonomy":"product_tag","embeddable":true,"href":"https:\/\/yinkata.com\/tusach\/index.php\/wp-json\/wp\/v2\/product_tag?post=996"}],"curies":[{"name":"wp","href":"https:\/\/api.w.org\/{rel}","templated":true}]}}