{"id":985,"date":"2023-06-24T17:29:40","date_gmt":"2023-06-24T10:29:40","guid":{"rendered":"https:\/\/yinkata.com\/tusach\/index.php\/san-pham\/thuc-duong-chien-thang-ung-thu\/"},"modified":"2023-06-26T07:18:44","modified_gmt":"2023-06-26T00:18:44","slug":"thuc-duong-chien-thang-ung-thu","status":"publish","type":"product","link":"https:\/\/yinkata.com\/tusach\/index.php\/san-pham\/thuc-duong-chien-thang-ung-thu\/","title":{"rendered":"TH\u1ef0C D\u01af\u1ee0NG CHI\u1ebeN TH\u1eaeNG UNG TH\u01af"},"content":{"rendered":"<p>T\u00e1c Gi\u1ea3: Anthony J. Sattilaro, Md<br \/>\nD\u1ecbch Gi\u1ea3: L\u00ea H\u00e0 L\u1ed9c<br \/>\nNh\u00e0 Xu\u1ea5t B\u1ea3n: Nxb V\u0103n H\u00f3a Th\u00f4ng Tin<br \/>\nNg\u00f4n Ng\u1eef: Ti\u1ebfng Vi\u1ec7t<\/p>\n","protected":false},"excerpt":{"rendered":"<p>T\u00e1c Gi\u1ea3: Anthony J. Sattilaro, Md D\u1ecbch Gi\u1ea3: L\u00ea H\u00e0 L\u1ed9c Nh\u00e0 Xu\u1ea5t B\u1ea3n: Nxb V\u0103n H\u00f3a Th\u00f4ng Tin Ng\u00f4n Ng\u1eef: Ti\u1ebfng Vi\u1ec7t<\/p>\n","protected":false},"featured_media":1532,"comment_status":"open","ping_status":"closed","template":"","meta":[],"product_cat":[30],"product_tag":[],"class_list":["post-985","product","type-product","status-publish","has-post-thumbnail","hentry","product_cat-tdg"],"_links":{"self":[{"href":"https:\/\/yinkata.com\/tusach\/index.php\/wp-json\/wp\/v2\/product\/985","targetHints":{"allow":["GET"]}}],"collection":[{"href":"https:\/\/yinkata.com\/tusach\/index.php\/wp-json\/wp\/v2\/product"}],"about":[{"href":"https:\/\/yinkata.com\/tusach\/index.php\/wp-json\/wp\/v2\/types\/product"}],"replies":[{"embeddable":true,"href":"https:\/\/yinkata.com\/tusach\/index.php\/wp-json\/wp\/v2\/comments?post=985"}],"wp:featuredmedia":[{"embeddable":true,"href":"https:\/\/yinkata.com\/tusach\/index.php\/wp-json\/wp\/v2\/media\/1532"}],"wp:attachment":[{"href":"https:\/\/yinkata.com\/tusach\/index.php\/wp-json\/wp\/v2\/media?parent=985"}],"wp:term":[{"taxonomy":"product_cat","embeddable":true,"href":"https:\/\/yinkata.com\/tusach\/index.php\/wp-json\/wp\/v2\/product_cat?post=985"},{"taxonomy":"product_tag","embeddable":true,"href":"https:\/\/yinkata.com\/tusach\/index.php\/wp-json\/wp\/v2\/product_tag?post=985"}],"curies":[{"name":"wp","href":"https:\/\/api.w.org\/{rel}","templated":true}]}}