{"id":981,"date":"2023-06-24T17:29:40","date_gmt":"2023-06-24T10:29:40","guid":{"rendered":"https:\/\/yinkata.com\/tusach\/index.php\/san-pham\/than-so-hoc-thau-hieu-nhan-tam\/"},"modified":"2023-06-26T07:14:41","modified_gmt":"2023-06-26T00:14:41","slug":"than-so-hoc-thau-hieu-nhan-tam","status":"publish","type":"product","link":"https:\/\/yinkata.com\/tusach\/index.php\/san-pham\/than-so-hoc-thau-hieu-nhan-tam\/","title":{"rendered":"TH\u1ea6N S\u1ed0 H\u1eccC &#8211; TH\u1ea4U HI\u1ec2U NH\u00c2N T\u00c2M"},"content":{"rendered":"<p>T\u00e1c Gi\u1ea3: T\u1ed1ng Kh\u00e1nh Th\u01b0\u1ee3ng<br \/>\nD\u1ecbch Gi\u1ea3: &#8211;<br \/>\nNh\u00e0 Xu\u1ea5t B\u1ea3n: Nxb C\u00f4ng Th\u01b0\u01a1ng<br \/>\nNg\u00f4n Ng\u1eef: Ti\u1ebfng Vi\u1ec7t<\/p>\n","protected":false},"excerpt":{"rendered":"<p>T\u00e1c Gi\u1ea3: T\u1ed1ng Kh\u00e1nh Th\u01b0\u1ee3ng D\u1ecbch Gi\u1ea3: &#8211; Nh\u00e0 Xu\u1ea5t B\u1ea3n: Nxb C\u00f4ng Th\u01b0\u01a1ng Ng\u00f4n Ng\u1eef: Ti\u1ebfng Vi\u1ec7t<\/p>\n","protected":false},"featured_media":1450,"comment_status":"open","ping_status":"closed","template":"","meta":[],"product_cat":[45],"product_tag":[],"class_list":["post-981","product","type-product","status-publish","has-post-thumbnail","hentry","product_cat-pth"],"_links":{"self":[{"href":"https:\/\/yinkata.com\/tusach\/index.php\/wp-json\/wp\/v2\/product\/981","targetHints":{"allow":["GET"]}}],"collection":[{"href":"https:\/\/yinkata.com\/tusach\/index.php\/wp-json\/wp\/v2\/product"}],"about":[{"href":"https:\/\/yinkata.com\/tusach\/index.php\/wp-json\/wp\/v2\/types\/product"}],"replies":[{"embeddable":true,"href":"https:\/\/yinkata.com\/tusach\/index.php\/wp-json\/wp\/v2\/comments?post=981"}],"wp:featuredmedia":[{"embeddable":true,"href":"https:\/\/yinkata.com\/tusach\/index.php\/wp-json\/wp\/v2\/media\/1450"}],"wp:attachment":[{"href":"https:\/\/yinkata.com\/tusach\/index.php\/wp-json\/wp\/v2\/media?parent=981"}],"wp:term":[{"taxonomy":"product_cat","embeddable":true,"href":"https:\/\/yinkata.com\/tusach\/index.php\/wp-json\/wp\/v2\/product_cat?post=981"},{"taxonomy":"product_tag","embeddable":true,"href":"https:\/\/yinkata.com\/tusach\/index.php\/wp-json\/wp\/v2\/product_tag?post=981"}],"curies":[{"name":"wp","href":"https:\/\/api.w.org\/{rel}","templated":true}]}}