{"id":975,"date":"2023-06-24T17:29:38","date_gmt":"2023-06-24T10:29:38","guid":{"rendered":"https:\/\/yinkata.com\/tusach\/index.php\/san-pham\/thien-dinh-voi-cuoc-song-hom-nay\/"},"modified":"2023-06-26T07:24:17","modified_gmt":"2023-06-26T00:24:17","slug":"thien-dinh-voi-cuoc-song-hom-nay","status":"publish","type":"product","link":"https:\/\/yinkata.com\/tusach\/index.php\/san-pham\/thien-dinh-voi-cuoc-song-hom-nay\/","title":{"rendered":"THI\u1ec0N \u0110\u1ecaNH V\u1edaI CU\u1ed8C S\u1ed0NG H\u00d4M NAY"},"content":{"rendered":"<p>T\u00e1c Gi\u1ea3: Ht. Th\u00edch Thi\u1ec7n Ch\u00e2u<br \/>\nD\u1ecbch Gi\u1ea3: &#8211;<br \/>\nNh\u00e0 Xu\u1ea5t B\u1ea3n: Nxb T\u00f4n Gi\u00e1o<br \/>\nNg\u00f4n Ng\u1eef: Ti\u1ebfng Vi\u1ec7t<\/p>\n","protected":false},"excerpt":{"rendered":"<p>T\u00e1c Gi\u1ea3: Ht. Th\u00edch Thi\u1ec7n Ch\u00e2u D\u1ecbch Gi\u1ea3: &#8211; Nh\u00e0 Xu\u1ea5t B\u1ea3n: Nxb T\u00f4n Gi\u00e1o Ng\u00f4n Ng\u1eef: Ti\u1ebfng Vi\u1ec7t<\/p>\n","protected":false},"featured_media":1484,"comment_status":"open","ping_status":"closed","template":"","meta":[],"product_cat":[41],"product_tag":[],"class_list":["post-975","product","type-product","status-publish","has-post-thumbnail","hentry","product_cat-tdq"],"_links":{"self":[{"href":"https:\/\/yinkata.com\/tusach\/index.php\/wp-json\/wp\/v2\/product\/975","targetHints":{"allow":["GET"]}}],"collection":[{"href":"https:\/\/yinkata.com\/tusach\/index.php\/wp-json\/wp\/v2\/product"}],"about":[{"href":"https:\/\/yinkata.com\/tusach\/index.php\/wp-json\/wp\/v2\/types\/product"}],"replies":[{"embeddable":true,"href":"https:\/\/yinkata.com\/tusach\/index.php\/wp-json\/wp\/v2\/comments?post=975"}],"wp:featuredmedia":[{"embeddable":true,"href":"https:\/\/yinkata.com\/tusach\/index.php\/wp-json\/wp\/v2\/media\/1484"}],"wp:attachment":[{"href":"https:\/\/yinkata.com\/tusach\/index.php\/wp-json\/wp\/v2\/media?parent=975"}],"wp:term":[{"taxonomy":"product_cat","embeddable":true,"href":"https:\/\/yinkata.com\/tusach\/index.php\/wp-json\/wp\/v2\/product_cat?post=975"},{"taxonomy":"product_tag","embeddable":true,"href":"https:\/\/yinkata.com\/tusach\/index.php\/wp-json\/wp\/v2\/product_tag?post=975"}],"curies":[{"name":"wp","href":"https:\/\/api.w.org\/{rel}","templated":true}]}}