{"id":967,"date":"2023-06-24T17:29:37","date_gmt":"2023-06-24T10:29:37","guid":{"rendered":"https:\/\/yinkata.com\/tusach\/index.php\/san-pham\/thien-thuc-hanh-phap-hanh-thien-doi-dao-song-tu\/"},"modified":"2023-06-26T07:30:50","modified_gmt":"2023-06-26T00:30:50","slug":"thien-thuc-hanh-phap-hanh-thien-doi-dao-song-tu","status":"publish","type":"product","link":"https:\/\/yinkata.com\/tusach\/index.php\/san-pham\/thien-thuc-hanh-phap-hanh-thien-doi-dao-song-tu\/","title":{"rendered":"THI\u1ec0N TH\u1ef0C H\u00c0NH &#8211; PH\u00c1P H\u00c0NH THI\u1ec0N \u0110\u1edcI \u0110\u1ea0O SONG TU"},"content":{"rendered":"<p>T\u00e1c Gi\u1ea3: L\u01b0\u01a1ng S\u0129 H\u1eb1ng<br \/>\nD\u1ecbch Gi\u1ea3: Na<br \/>\nNh\u00e0 Xu\u1ea5t B\u1ea3n: &#8211;<br \/>\nNg\u00f4n Ng\u1eef: Ti\u1ebfng Vi\u1ec7t<\/p>\n","protected":false},"excerpt":{"rendered":"<p>T\u00e1c Gi\u1ea3: L\u01b0\u01a1ng S\u0129 H\u1eb1ng D\u1ecbch Gi\u1ea3: Na Nh\u00e0 Xu\u1ea5t B\u1ea3n: &#8211; Ng\u00f4n Ng\u1eef: Ti\u1ebfng Vi\u1ec7t<\/p>\n","protected":false},"featured_media":1538,"comment_status":"open","ping_status":"closed","template":"","meta":[],"product_cat":[41],"product_tag":[],"class_list":["post-967","product","type-product","status-publish","has-post-thumbnail","hentry","product_cat-tdq"],"_links":{"self":[{"href":"https:\/\/yinkata.com\/tusach\/index.php\/wp-json\/wp\/v2\/product\/967","targetHints":{"allow":["GET"]}}],"collection":[{"href":"https:\/\/yinkata.com\/tusach\/index.php\/wp-json\/wp\/v2\/product"}],"about":[{"href":"https:\/\/yinkata.com\/tusach\/index.php\/wp-json\/wp\/v2\/types\/product"}],"replies":[{"embeddable":true,"href":"https:\/\/yinkata.com\/tusach\/index.php\/wp-json\/wp\/v2\/comments?post=967"}],"wp:featuredmedia":[{"embeddable":true,"href":"https:\/\/yinkata.com\/tusach\/index.php\/wp-json\/wp\/v2\/media\/1538"}],"wp:attachment":[{"href":"https:\/\/yinkata.com\/tusach\/index.php\/wp-json\/wp\/v2\/media?parent=967"}],"wp:term":[{"taxonomy":"product_cat","embeddable":true,"href":"https:\/\/yinkata.com\/tusach\/index.php\/wp-json\/wp\/v2\/product_cat?post=967"},{"taxonomy":"product_tag","embeddable":true,"href":"https:\/\/yinkata.com\/tusach\/index.php\/wp-json\/wp\/v2\/product_tag?post=967"}],"curies":[{"name":"wp","href":"https:\/\/api.w.org\/{rel}","templated":true}]}}