{"id":960,"date":"2023-06-24T17:29:35","date_gmt":"2023-06-24T10:29:35","guid":{"rendered":"https:\/\/yinkata.com\/tusach\/index.php\/san-pham\/thien-ba-la-mat\/"},"modified":"2023-06-26T07:38:44","modified_gmt":"2023-06-26T00:38:44","slug":"thien-ba-la-mat","status":"publish","type":"product","link":"https:\/\/yinkata.com\/tusach\/index.php\/san-pham\/thien-ba-la-mat\/","title":{"rendered":"THI\u1ec0N BA LA M\u1eacT"},"content":{"rendered":"<p>T\u00e1c Gi\u1ea3: Thi\u00ean Thai Tr\u00ed Gi\u1ea3 \u0110\u1ea1i S\u01b0<br \/>\nD\u1ecbch Gi\u1ea3: Th\u00edch \u0110\u1ea1t Ma Ng\u1ed9 Nh\u1ea5t<br \/>\nNh\u00e0 Xu\u1ea5t B\u1ea3n: Nxb T\u00f4n Gi\u00e1o<br \/>\nNg\u00f4n Ng\u1eef: Ti\u1ebfng Vi\u1ec7t<\/p>\n","protected":false},"excerpt":{"rendered":"<p>T\u00e1c Gi\u1ea3: Thi\u00ean Thai Tr\u00ed Gi\u1ea3 \u0110\u1ea1i S\u01b0 D\u1ecbch Gi\u1ea3: Th\u00edch \u0110\u1ea1t Ma Ng\u1ed9 Nh\u1ea5t Nh\u00e0 Xu\u1ea5t B\u1ea3n: Nxb T\u00f4n Gi\u00e1o Ng\u00f4n Ng\u1eef: Ti\u1ebfng Vi\u1ec7t<\/p>\n","protected":false},"featured_media":1411,"comment_status":"open","ping_status":"closed","template":"","meta":[],"product_cat":[41],"product_tag":[],"class_list":["post-960","product","type-product","status-publish","has-post-thumbnail","hentry","product_cat-tdq"],"_links":{"self":[{"href":"https:\/\/yinkata.com\/tusach\/index.php\/wp-json\/wp\/v2\/product\/960","targetHints":{"allow":["GET"]}}],"collection":[{"href":"https:\/\/yinkata.com\/tusach\/index.php\/wp-json\/wp\/v2\/product"}],"about":[{"href":"https:\/\/yinkata.com\/tusach\/index.php\/wp-json\/wp\/v2\/types\/product"}],"replies":[{"embeddable":true,"href":"https:\/\/yinkata.com\/tusach\/index.php\/wp-json\/wp\/v2\/comments?post=960"}],"wp:featuredmedia":[{"embeddable":true,"href":"https:\/\/yinkata.com\/tusach\/index.php\/wp-json\/wp\/v2\/media\/1411"}],"wp:attachment":[{"href":"https:\/\/yinkata.com\/tusach\/index.php\/wp-json\/wp\/v2\/media?parent=960"}],"wp:term":[{"taxonomy":"product_cat","embeddable":true,"href":"https:\/\/yinkata.com\/tusach\/index.php\/wp-json\/wp\/v2\/product_cat?post=960"},{"taxonomy":"product_tag","embeddable":true,"href":"https:\/\/yinkata.com\/tusach\/index.php\/wp-json\/wp\/v2\/product_tag?post=960"}],"curies":[{"name":"wp","href":"https:\/\/api.w.org\/{rel}","templated":true}]}}