{"id":956,"date":"2023-06-24T17:29:32","date_gmt":"2023-06-24T10:29:32","guid":{"rendered":"https:\/\/yinkata.com\/tusach\/index.php\/san-pham\/thien-tang\/"},"modified":"2023-06-26T07:44:16","modified_gmt":"2023-06-26T00:44:16","slug":"thien-tang","status":"publish","type":"product","link":"https:\/\/yinkata.com\/tusach\/index.php\/san-pham\/thien-tang\/","title":{"rendered":"THI\u00caN T\u00c1NG"},"content":{"rendered":"<p>T\u00e1c Gi\u1ea3: H\u00e2n Nhi\u00ean<br \/>\nD\u1ecbch Gi\u1ea3: Tr\u1ea7n Th\u1ecb Thanh Loan<br \/>\nNh\u00e0 Xu\u1ea5t B\u1ea3n: Nxb V\u0103n H\u1ecdc<br \/>\nNg\u00f4n Ng\u1eef: Ti\u1ebfng Vi\u1ec7t<\/p>\n","protected":false},"excerpt":{"rendered":"<p>T\u00e1c Gi\u1ea3: H\u00e2n Nhi\u00ean D\u1ecbch Gi\u1ea3: Tr\u1ea7n Th\u1ecb Thanh Loan Nh\u00e0 Xu\u1ea5t B\u1ea3n: Nxb V\u0103n H\u1ecdc Ng\u00f4n Ng\u1eef: Ti\u1ebfng Vi\u1ec7t<\/p>\n","protected":false},"featured_media":1543,"comment_status":"open","ping_status":"closed","template":"","meta":[],"product_cat":[39],"product_tag":[],"class_list":["post-956","product","type-product","status-publish","has-post-thumbnail","hentry","product_cat-vhg"],"_links":{"self":[{"href":"https:\/\/yinkata.com\/tusach\/index.php\/wp-json\/wp\/v2\/product\/956","targetHints":{"allow":["GET"]}}],"collection":[{"href":"https:\/\/yinkata.com\/tusach\/index.php\/wp-json\/wp\/v2\/product"}],"about":[{"href":"https:\/\/yinkata.com\/tusach\/index.php\/wp-json\/wp\/v2\/types\/product"}],"replies":[{"embeddable":true,"href":"https:\/\/yinkata.com\/tusach\/index.php\/wp-json\/wp\/v2\/comments?post=956"}],"wp:featuredmedia":[{"embeddable":true,"href":"https:\/\/yinkata.com\/tusach\/index.php\/wp-json\/wp\/v2\/media\/1543"}],"wp:attachment":[{"href":"https:\/\/yinkata.com\/tusach\/index.php\/wp-json\/wp\/v2\/media?parent=956"}],"wp:term":[{"taxonomy":"product_cat","embeddable":true,"href":"https:\/\/yinkata.com\/tusach\/index.php\/wp-json\/wp\/v2\/product_cat?post=956"},{"taxonomy":"product_tag","embeddable":true,"href":"https:\/\/yinkata.com\/tusach\/index.php\/wp-json\/wp\/v2\/product_tag?post=956"}],"curies":[{"name":"wp","href":"https:\/\/api.w.org\/{rel}","templated":true}]}}