{"id":955,"date":"2023-06-24T17:29:32","date_gmt":"2023-06-24T10:29:32","guid":{"rendered":"https:\/\/yinkata.com\/tusach\/index.php\/san-pham\/thien-than-va-ac-quy\/"},"modified":"2023-06-26T07:44:14","modified_gmt":"2023-06-26T00:44:14","slug":"thien-than-va-ac-quy","status":"publish","type":"product","link":"https:\/\/yinkata.com\/tusach\/index.php\/san-pham\/thien-than-va-ac-quy\/","title":{"rendered":"THI\u00caN TH\u1ea6N V\u00c0 \u00c1C QU\u1ef6"},"content":{"rendered":"<p>T\u00e1c Gi\u1ea3: Dan Brown<br \/>\nD\u1ecbch Gi\u1ea3: V\u0103n Th\u1ecb Thanh B\u00ecnh<br \/>\nNh\u00e0 Xu\u1ea5t B\u1ea3n: Nxb V\u0103n H\u00f3a-Th\u00f4ng Tin<br \/>\nNg\u00f4n Ng\u1eef: Ti\u1ebfng Vi\u1ec7t<\/p>\n","protected":false},"excerpt":{"rendered":"<p>T\u00e1c Gi\u1ea3: Dan Brown D\u1ecbch Gi\u1ea3: V\u0103n Th\u1ecb Thanh B\u00ecnh Nh\u00e0 Xu\u1ea5t B\u1ea3n: Nxb V\u0103n H\u00f3a-Th\u00f4ng Tin Ng\u00f4n Ng\u1eef: Ti\u1ebfng Vi\u1ec7t<\/p>\n","protected":false},"featured_media":1329,"comment_status":"open","ping_status":"closed","template":"","meta":[],"product_cat":[39],"product_tag":[],"class_list":["post-955","product","type-product","status-publish","has-post-thumbnail","hentry","product_cat-vhg"],"_links":{"self":[{"href":"https:\/\/yinkata.com\/tusach\/index.php\/wp-json\/wp\/v2\/product\/955","targetHints":{"allow":["GET"]}}],"collection":[{"href":"https:\/\/yinkata.com\/tusach\/index.php\/wp-json\/wp\/v2\/product"}],"about":[{"href":"https:\/\/yinkata.com\/tusach\/index.php\/wp-json\/wp\/v2\/types\/product"}],"replies":[{"embeddable":true,"href":"https:\/\/yinkata.com\/tusach\/index.php\/wp-json\/wp\/v2\/comments?post=955"}],"wp:featuredmedia":[{"embeddable":true,"href":"https:\/\/yinkata.com\/tusach\/index.php\/wp-json\/wp\/v2\/media\/1329"}],"wp:attachment":[{"href":"https:\/\/yinkata.com\/tusach\/index.php\/wp-json\/wp\/v2\/media?parent=955"}],"wp:term":[{"taxonomy":"product_cat","embeddable":true,"href":"https:\/\/yinkata.com\/tusach\/index.php\/wp-json\/wp\/v2\/product_cat?post=955"},{"taxonomy":"product_tag","embeddable":true,"href":"https:\/\/yinkata.com\/tusach\/index.php\/wp-json\/wp\/v2\/product_tag?post=955"}],"curies":[{"name":"wp","href":"https:\/\/api.w.org\/{rel}","templated":true}]}}