{"id":934,"date":"2023-06-24T17:29:28","date_gmt":"2023-06-24T10:29:28","guid":{"rendered":"https:\/\/yinkata.com\/tusach\/index.php\/san-pham\/song-dao-giua-doi-thuong\/"},"modified":"2023-06-26T08:02:31","modified_gmt":"2023-06-26T01:02:31","slug":"song-dao-giua-doi-thuong","status":"publish","type":"product","link":"https:\/\/yinkata.com\/tusach\/index.php\/san-pham\/song-dao-giua-doi-thuong\/","title":{"rendered":"S\u1ed0NG \u0110\u1ea0O GI\u1eeeA \u0110\u1edcI TH\u01af\u1edcNG"},"content":{"rendered":"<p>T\u00e1c Gi\u1ea3: Ht. Th\u00edch Th\u00e1nh Nghi\u00eam<br \/>\nD\u1ecbch Gi\u1ea3: Th\u00edch N\u1eef Vi\u00ean Th\u1eafng<br \/>\nNh\u00e0 Xu\u1ea5t B\u1ea3n: Nxb H\u1ed3ng \u0110\u1ee9c<br \/>\nNg\u00f4n Ng\u1eef: Ti\u1ebfng Vi\u1ec7t<\/p>\n","protected":false},"excerpt":{"rendered":"<p>T\u00e1c Gi\u1ea3: Ht. Th\u00edch Th\u00e1nh Nghi\u00eam D\u1ecbch Gi\u1ea3: Th\u00edch N\u1eef Vi\u00ean Th\u1eafng Nh\u00e0 Xu\u1ea5t B\u1ea3n: Nxb H\u1ed3ng \u0110\u1ee9c Ng\u00f4n Ng\u1eef: Ti\u1ebfng Vi\u1ec7t<\/p>\n","protected":false},"featured_media":1490,"comment_status":"open","ping_status":"closed","template":"","meta":[],"product_cat":[22],"product_tag":[],"class_list":["post-934","product","type-product","status-publish","has-post-thumbnail","hentry","product_cat-tgi"],"_links":{"self":[{"href":"https:\/\/yinkata.com\/tusach\/index.php\/wp-json\/wp\/v2\/product\/934","targetHints":{"allow":["GET"]}}],"collection":[{"href":"https:\/\/yinkata.com\/tusach\/index.php\/wp-json\/wp\/v2\/product"}],"about":[{"href":"https:\/\/yinkata.com\/tusach\/index.php\/wp-json\/wp\/v2\/types\/product"}],"replies":[{"embeddable":true,"href":"https:\/\/yinkata.com\/tusach\/index.php\/wp-json\/wp\/v2\/comments?post=934"}],"wp:featuredmedia":[{"embeddable":true,"href":"https:\/\/yinkata.com\/tusach\/index.php\/wp-json\/wp\/v2\/media\/1490"}],"wp:attachment":[{"href":"https:\/\/yinkata.com\/tusach\/index.php\/wp-json\/wp\/v2\/media?parent=934"}],"wp:term":[{"taxonomy":"product_cat","embeddable":true,"href":"https:\/\/yinkata.com\/tusach\/index.php\/wp-json\/wp\/v2\/product_cat?post=934"},{"taxonomy":"product_tag","embeddable":true,"href":"https:\/\/yinkata.com\/tusach\/index.php\/wp-json\/wp\/v2\/product_tag?post=934"}],"curies":[{"name":"wp","href":"https:\/\/api.w.org\/{rel}","templated":true}]}}