{"id":929,"date":"2023-06-24T17:29:27","date_gmt":"2023-06-24T10:29:27","guid":{"rendered":"https:\/\/yinkata.com\/tusach\/index.php\/san-pham\/suoi-nguon-bo-de-tam\/"},"modified":"2023-06-26T08:08:20","modified_gmt":"2023-06-26T01:08:20","slug":"suoi-nguon-bo-de-tam","status":"publish","type":"product","link":"https:\/\/yinkata.com\/tusach\/index.php\/san-pham\/suoi-nguon-bo-de-tam\/","title":{"rendered":"SU\u1ed0I NGU\u1ed2N B\u1ed2 \u0110\u1ec0 T\u00c2M"},"content":{"rendered":"<p>T\u00e1c Gi\u1ea3: Tsong Kha Pa<br \/>\nD\u1ecbch Gi\u1ea3: Tr\u01b0\u1eddng T\u00e2m,Thanh Long<br \/>\nNh\u00e0 Xu\u1ea5t B\u1ea3n: Nxb Ph\u01b0\u01a1ng \u0110\u00f4ng<br \/>\nNg\u00f4n Ng\u1eef: Ti\u1ebfng Vi\u1ec7t<\/p>\n","protected":false},"excerpt":{"rendered":"<p>T\u00e1c Gi\u1ea3: Tsong Kha Pa D\u1ecbch Gi\u1ea3: Tr\u01b0\u1eddng T\u00e2m,Thanh Long Nh\u00e0 Xu\u1ea5t B\u1ea3n: Nxb Ph\u01b0\u01a1ng \u0110\u00f4ng Ng\u00f4n Ng\u1eef: Ti\u1ebfng Vi\u1ec7t<\/p>\n","protected":false},"featured_media":1485,"comment_status":"open","ping_status":"closed","template":"","meta":[],"product_cat":[22],"product_tag":[],"class_list":["post-929","product","type-product","status-publish","has-post-thumbnail","hentry","product_cat-tgi"],"_links":{"self":[{"href":"https:\/\/yinkata.com\/tusach\/index.php\/wp-json\/wp\/v2\/product\/929","targetHints":{"allow":["GET"]}}],"collection":[{"href":"https:\/\/yinkata.com\/tusach\/index.php\/wp-json\/wp\/v2\/product"}],"about":[{"href":"https:\/\/yinkata.com\/tusach\/index.php\/wp-json\/wp\/v2\/types\/product"}],"replies":[{"embeddable":true,"href":"https:\/\/yinkata.com\/tusach\/index.php\/wp-json\/wp\/v2\/comments?post=929"}],"wp:featuredmedia":[{"embeddable":true,"href":"https:\/\/yinkata.com\/tusach\/index.php\/wp-json\/wp\/v2\/media\/1485"}],"wp:attachment":[{"href":"https:\/\/yinkata.com\/tusach\/index.php\/wp-json\/wp\/v2\/media?parent=929"}],"wp:term":[{"taxonomy":"product_cat","embeddable":true,"href":"https:\/\/yinkata.com\/tusach\/index.php\/wp-json\/wp\/v2\/product_cat?post=929"},{"taxonomy":"product_tag","embeddable":true,"href":"https:\/\/yinkata.com\/tusach\/index.php\/wp-json\/wp\/v2\/product_tag?post=929"}],"curies":[{"name":"wp","href":"https:\/\/api.w.org\/{rel}","templated":true}]}}