{"id":928,"date":"2023-06-24T17:29:27","date_gmt":"2023-06-24T10:29:27","guid":{"rendered":"https:\/\/yinkata.com\/tusach\/index.php\/san-pham\/stroke-rehabilitation\/"},"modified":"2023-06-24T17:52:14","modified_gmt":"2023-06-24T10:52:14","slug":"stroke-rehabilitation","status":"publish","type":"product","link":"https:\/\/yinkata.com\/tusach\/index.php\/san-pham\/stroke-rehabilitation\/","title":{"rendered":"STROKE REHABILITATION"},"content":{"rendered":"<p>T\u00e1c Gi\u1ea3: Janet H.Carr-Roberta B.Shepherrd<br \/>\nD\u1ecbch Gi\u1ea3: L\u00ea Kh\u00e1nh \u0110i\u1ec1n<br \/>\nNh\u00e0 Xu\u1ea5t B\u1ea3n: N\/A<br \/>\nNg\u00f4n Ng\u1eef: Ti\u1ebfng Vi\u1ec7t<\/p>\n","protected":false},"excerpt":{"rendered":"<p>T\u00e1c Gi\u1ea3: Janet H.Carr-Roberta B.Shepherrd D\u1ecbch Gi\u1ea3: L\u00ea Kh\u00e1nh \u0110i\u1ec1n Nh\u00e0 Xu\u1ea5t B\u1ea3n: N\/A Ng\u00f4n Ng\u1eef: Ti\u1ebfng Vi\u1ec7t<\/p>\n","protected":false},"featured_media":0,"comment_status":"open","ping_status":"closed","template":"","meta":[],"product_cat":[44],"product_tag":[],"class_list":["post-928","product","type-product","status-publish","hentry","product_cat-yds"],"_links":{"self":[{"href":"https:\/\/yinkata.com\/tusach\/index.php\/wp-json\/wp\/v2\/product\/928","targetHints":{"allow":["GET"]}}],"collection":[{"href":"https:\/\/yinkata.com\/tusach\/index.php\/wp-json\/wp\/v2\/product"}],"about":[{"href":"https:\/\/yinkata.com\/tusach\/index.php\/wp-json\/wp\/v2\/types\/product"}],"replies":[{"embeddable":true,"href":"https:\/\/yinkata.com\/tusach\/index.php\/wp-json\/wp\/v2\/comments?post=928"}],"wp:attachment":[{"href":"https:\/\/yinkata.com\/tusach\/index.php\/wp-json\/wp\/v2\/media?parent=928"}],"wp:term":[{"taxonomy":"product_cat","embeddable":true,"href":"https:\/\/yinkata.com\/tusach\/index.php\/wp-json\/wp\/v2\/product_cat?post=928"},{"taxonomy":"product_tag","embeddable":true,"href":"https:\/\/yinkata.com\/tusach\/index.php\/wp-json\/wp\/v2\/product_tag?post=928"}],"curies":[{"name":"wp","href":"https:\/\/api.w.org\/{rel}","templated":true}]}}