{"id":927,"date":"2023-06-24T17:29:26","date_gmt":"2023-06-24T10:29:26","guid":{"rendered":"https:\/\/yinkata.com\/tusach\/index.php\/san-pham\/sieu-hinh-hoc-tien-trinh-va-triet-hoc-phat-giao-hoa-nghiem-tong\/"},"modified":"2023-06-26T08:12:12","modified_gmt":"2023-06-26T01:12:12","slug":"sieu-hinh-hoc-tien-trinh-va-triet-hoc-phat-giao-hoa-nghiem-tong","status":"publish","type":"product","link":"https:\/\/yinkata.com\/tusach\/index.php\/san-pham\/sieu-hinh-hoc-tien-trinh-va-triet-hoc-phat-giao-hoa-nghiem-tong\/","title":{"rendered":"SI\u00caU H\u00ccNH H\u1eccC TI\u1ebeN TR\u00ccNH V\u00c0 TRI\u1ebeT H\u1eccC PH\u1eacT GI\u00c1O HOA NGHI\u00caM T\u00d4NG"},"content":{"rendered":"<p>T\u00e1c Gi\u1ea3: Steve Odin<br \/>\nD\u1ecbch Gi\u1ea3: Thanh L\u01b0\u01a1ng (Th\u00edch Thi\u1ec7n S\u00e1ng)<br \/>\nNh\u00e0 Xu\u1ea5t B\u1ea3n: Nxb T\u00f4n Gi\u00e1o<br \/>\nNg\u00f4n Ng\u1eef: Ti\u1ebfng Vi\u1ec7t<\/p>\n","protected":false},"excerpt":{"rendered":"<p>T\u00e1c Gi\u1ea3: Steve Odin D\u1ecbch Gi\u1ea3: Thanh L\u01b0\u01a1ng (Th\u00edch Thi\u1ec7n S\u00e1ng) Nh\u00e0 Xu\u1ea5t B\u1ea3n: Nxb T\u00f4n Gi\u00e1o Ng\u00f4n Ng\u1eef: Ti\u1ebfng Vi\u1ec7t<\/p>\n","protected":false},"featured_media":1271,"comment_status":"open","ping_status":"closed","template":"","meta":[],"product_cat":[22],"product_tag":[],"class_list":["post-927","product","type-product","status-publish","has-post-thumbnail","hentry","product_cat-tgi"],"_links":{"self":[{"href":"https:\/\/yinkata.com\/tusach\/index.php\/wp-json\/wp\/v2\/product\/927","targetHints":{"allow":["GET"]}}],"collection":[{"href":"https:\/\/yinkata.com\/tusach\/index.php\/wp-json\/wp\/v2\/product"}],"about":[{"href":"https:\/\/yinkata.com\/tusach\/index.php\/wp-json\/wp\/v2\/types\/product"}],"replies":[{"embeddable":true,"href":"https:\/\/yinkata.com\/tusach\/index.php\/wp-json\/wp\/v2\/comments?post=927"}],"wp:featuredmedia":[{"embeddable":true,"href":"https:\/\/yinkata.com\/tusach\/index.php\/wp-json\/wp\/v2\/media\/1271"}],"wp:attachment":[{"href":"https:\/\/yinkata.com\/tusach\/index.php\/wp-json\/wp\/v2\/media?parent=927"}],"wp:term":[{"taxonomy":"product_cat","embeddable":true,"href":"https:\/\/yinkata.com\/tusach\/index.php\/wp-json\/wp\/v2\/product_cat?post=927"},{"taxonomy":"product_tag","embeddable":true,"href":"https:\/\/yinkata.com\/tusach\/index.php\/wp-json\/wp\/v2\/product_tag?post=927"}],"curies":[{"name":"wp","href":"https:\/\/api.w.org\/{rel}","templated":true}]}}