{"id":919,"date":"2023-06-24T17:29:10","date_gmt":"2023-06-24T10:29:10","guid":{"rendered":"https:\/\/yinkata.com\/tusach\/index.php\/san-pham\/sen-bup-tung-canh-he\/"},"modified":"2023-06-26T08:26:31","modified_gmt":"2023-06-26T01:26:31","slug":"sen-bup-tung-canh-he","status":"publish","type":"product","link":"https:\/\/yinkata.com\/tusach\/index.php\/san-pham\/sen-bup-tung-canh-he\/","title":{"rendered":"SEN B\u00daP T\u1eeaNG C\u00c1NH H\u00c9"},"content":{"rendered":"<p>T\u00e1c Gi\u1ea3: Th\u00edch Nh\u1ea5t H\u1ea1nh<br \/>\nD\u1ecbch Gi\u1ea3: &#8211;<br \/>\nNh\u00e0 Xu\u1ea5t B\u1ea3n: Nxb V\u0103n H\u00f3a S\u00e0i G\u00f2n<br \/>\nNg\u00f4n Ng\u1eef: Ti\u1ebfng Vi\u1ec7t<\/p>\n","protected":false},"excerpt":{"rendered":"<p>T\u00e1c Gi\u1ea3: Th\u00edch Nh\u1ea5t H\u1ea1nh D\u1ecbch Gi\u1ea3: &#8211; Nh\u00e0 Xu\u1ea5t B\u1ea3n: Nxb V\u0103n H\u00f3a S\u00e0i G\u00f2n Ng\u00f4n Ng\u1eef: Ti\u1ebfng Vi\u1ec7t<\/p>\n","protected":false},"featured_media":1559,"comment_status":"open","ping_status":"closed","template":"","meta":[],"product_cat":[41],"product_tag":[],"class_list":["post-919","product","type-product","status-publish","has-post-thumbnail","hentry","product_cat-tdq"],"_links":{"self":[{"href":"https:\/\/yinkata.com\/tusach\/index.php\/wp-json\/wp\/v2\/product\/919","targetHints":{"allow":["GET"]}}],"collection":[{"href":"https:\/\/yinkata.com\/tusach\/index.php\/wp-json\/wp\/v2\/product"}],"about":[{"href":"https:\/\/yinkata.com\/tusach\/index.php\/wp-json\/wp\/v2\/types\/product"}],"replies":[{"embeddable":true,"href":"https:\/\/yinkata.com\/tusach\/index.php\/wp-json\/wp\/v2\/comments?post=919"}],"wp:featuredmedia":[{"embeddable":true,"href":"https:\/\/yinkata.com\/tusach\/index.php\/wp-json\/wp\/v2\/media\/1559"}],"wp:attachment":[{"href":"https:\/\/yinkata.com\/tusach\/index.php\/wp-json\/wp\/v2\/media?parent=919"}],"wp:term":[{"taxonomy":"product_cat","embeddable":true,"href":"https:\/\/yinkata.com\/tusach\/index.php\/wp-json\/wp\/v2\/product_cat?post=919"},{"taxonomy":"product_tag","embeddable":true,"href":"https:\/\/yinkata.com\/tusach\/index.php\/wp-json\/wp\/v2\/product_tag?post=919"}],"curies":[{"name":"wp","href":"https:\/\/api.w.org\/{rel}","templated":true}]}}