{"id":902,"date":"2023-06-24T17:29:06","date_gmt":"2023-06-24T10:29:06","guid":{"rendered":"https:\/\/yinkata.com\/tusach\/index.php\/san-pham\/phuong-phap-thuc-hanh-thien-hoi-tho\/"},"modified":"2023-06-24T17:51:55","modified_gmt":"2023-06-24T10:51:55","slug":"phuong-phap-thuc-hanh-thien-hoi-tho","status":"publish","type":"product","link":"https:\/\/yinkata.com\/tusach\/index.php\/san-pham\/phuong-phap-thuc-hanh-thien-hoi-tho\/","title":{"rendered":"PH\u01af\u01a0NG PH\u00c1P TH\u1ef0C H\u00c0NH THI\u1ec0N H\u01a0I TH\u1ede"},"content":{"rendered":"<p>T\u00e1c Gi\u1ea3: S\u01b0 Thanh Minh<br \/>\nD\u1ecbch Gi\u1ea3: &#8211;<br \/>\nNh\u00e0 Xu\u1ea5t B\u1ea3n: T\u00e0i Li\u1ec7u N\u1ed9i B\u1ed9 &#8211; Ch\u00f9a Ph\u00fac Minh<br \/>\nNg\u00f4n Ng\u1eef: Ti\u1ebfng Vi\u1ec7t<\/p>\n","protected":false},"excerpt":{"rendered":"<p>T\u00e1c Gi\u1ea3: S\u01b0 Thanh Minh D\u1ecbch Gi\u1ea3: &#8211; Nh\u00e0 Xu\u1ea5t B\u1ea3n: T\u00e0i Li\u1ec7u N\u1ed9i B\u1ed9 &#8211; Ch\u00f9a Ph\u00fac Minh Ng\u00f4n Ng\u1eef: Ti\u1ebfng Vi\u1ec7t<\/p>\n","protected":false},"featured_media":0,"comment_status":"open","ping_status":"closed","template":"","meta":[],"product_cat":[41],"product_tag":[],"class_list":["post-902","product","type-product","status-publish","hentry","product_cat-tdq"],"_links":{"self":[{"href":"https:\/\/yinkata.com\/tusach\/index.php\/wp-json\/wp\/v2\/product\/902","targetHints":{"allow":["GET"]}}],"collection":[{"href":"https:\/\/yinkata.com\/tusach\/index.php\/wp-json\/wp\/v2\/product"}],"about":[{"href":"https:\/\/yinkata.com\/tusach\/index.php\/wp-json\/wp\/v2\/types\/product"}],"replies":[{"embeddable":true,"href":"https:\/\/yinkata.com\/tusach\/index.php\/wp-json\/wp\/v2\/comments?post=902"}],"wp:attachment":[{"href":"https:\/\/yinkata.com\/tusach\/index.php\/wp-json\/wp\/v2\/media?parent=902"}],"wp:term":[{"taxonomy":"product_cat","embeddable":true,"href":"https:\/\/yinkata.com\/tusach\/index.php\/wp-json\/wp\/v2\/product_cat?post=902"},{"taxonomy":"product_tag","embeddable":true,"href":"https:\/\/yinkata.com\/tusach\/index.php\/wp-json\/wp\/v2\/product_tag?post=902"}],"curies":[{"name":"wp","href":"https:\/\/api.w.org\/{rel}","templated":true}]}}