{"id":897,"date":"2023-06-24T17:29:05","date_gmt":"2023-06-24T10:29:05","guid":{"rendered":"https:\/\/yinkata.com\/tusach\/index.php\/san-pham\/phan-tich-duyen-khoi-theo-duyen-he\/"},"modified":"2023-06-26T08:42:59","modified_gmt":"2023-06-26T01:42:59","slug":"phan-tich-duyen-khoi-theo-duyen-he","status":"publish","type":"product","link":"https:\/\/yinkata.com\/tusach\/index.php\/san-pham\/phan-tich-duyen-khoi-theo-duyen-he\/","title":{"rendered":"PH\u00c2N T\u00cdCH DUY\u00caN KH\u1edeI THEO DUY\u00caN H\u1ec6"},"content":{"rendered":"<p>T\u00e1c Gi\u1ea3: Venerable Sayadaw Dr Nandamahabhivamsa<br \/>\nD\u1ecbch Gi\u1ea3: Ph\u00e1p Tri\u1ec1u<br \/>\nNh\u00e0 Xu\u1ea5t B\u1ea3n: Nxb T\u00f4n Gi\u00e1o<br \/>\nNg\u00f4n Ng\u1eef: Ti\u1ebfng Vi\u1ec7t<\/p>\n","protected":false},"excerpt":{"rendered":"<p>T\u00e1c Gi\u1ea3: Venerable Sayadaw Dr Nandamahabhivamsa D\u1ecbch Gi\u1ea3: Ph\u00e1p Tri\u1ec1u Nh\u00e0 Xu\u1ea5t B\u1ea3n: Nxb T\u00f4n Gi\u00e1o Ng\u00f4n Ng\u1eef: Ti\u1ebfng Vi\u1ec7t<\/p>\n","protected":false},"featured_media":1417,"comment_status":"open","ping_status":"closed","template":"","meta":[],"product_cat":[22],"product_tag":[],"class_list":["post-897","product","type-product","status-publish","has-post-thumbnail","hentry","product_cat-tgi"],"_links":{"self":[{"href":"https:\/\/yinkata.com\/tusach\/index.php\/wp-json\/wp\/v2\/product\/897","targetHints":{"allow":["GET"]}}],"collection":[{"href":"https:\/\/yinkata.com\/tusach\/index.php\/wp-json\/wp\/v2\/product"}],"about":[{"href":"https:\/\/yinkata.com\/tusach\/index.php\/wp-json\/wp\/v2\/types\/product"}],"replies":[{"embeddable":true,"href":"https:\/\/yinkata.com\/tusach\/index.php\/wp-json\/wp\/v2\/comments?post=897"}],"wp:featuredmedia":[{"embeddable":true,"href":"https:\/\/yinkata.com\/tusach\/index.php\/wp-json\/wp\/v2\/media\/1417"}],"wp:attachment":[{"href":"https:\/\/yinkata.com\/tusach\/index.php\/wp-json\/wp\/v2\/media?parent=897"}],"wp:term":[{"taxonomy":"product_cat","embeddable":true,"href":"https:\/\/yinkata.com\/tusach\/index.php\/wp-json\/wp\/v2\/product_cat?post=897"},{"taxonomy":"product_tag","embeddable":true,"href":"https:\/\/yinkata.com\/tusach\/index.php\/wp-json\/wp\/v2\/product_tag?post=897"}],"curies":[{"name":"wp","href":"https:\/\/api.w.org\/{rel}","templated":true}]}}