{"id":894,"date":"2023-06-24T17:29:02","date_gmt":"2023-06-24T10:29:02","guid":{"rendered":"https:\/\/yinkata.com\/tusach\/index.php\/san-pham\/phac-do-chan-doan-va-dieu-tri-cac-benh-co-xuong-khop-thuong-gap\/"},"modified":"2023-06-24T17:51:52","modified_gmt":"2023-06-24T10:51:52","slug":"phac-do-chan-doan-va-dieu-tri-cac-benh-co-xuong-khop-thuong-gap","status":"publish","type":"product","link":"https:\/\/yinkata.com\/tusach\/index.php\/san-pham\/phac-do-chan-doan-va-dieu-tri-cac-benh-co-xuong-khop-thuong-gap\/","title":{"rendered":"PH\u00c1C \u0110\u1ed2 CH\u1ea8N \u0110O\u00c1N V\u00c0 \u0110I\u1ec0U TR\u1eca C\u00c1C B\u1ec6NH C\u01a0 X\u01af\u01a0NG KH\u1edaP TH\u01af\u1edcNG G\u1eb6P"},"content":{"rendered":"<p>T\u00e1c Gi\u1ea3: H\u1ed9i Th\u1ea5p Kh\u1edbp H\u1ecdc Vi\u1ec7t Nam<br \/>\nD\u1ecbch Gi\u1ea3: &#8211;<br \/>\nNh\u00e0 Xu\u1ea5t B\u1ea3n: N\u1ed9i B\u1ed9<br \/>\nNg\u00f4n Ng\u1eef: Ti\u1ebfng Vi\u1ec7t<\/p>\n","protected":false},"excerpt":{"rendered":"<p>T\u00e1c Gi\u1ea3: H\u1ed9i Th\u1ea5p Kh\u1edbp H\u1ecdc Vi\u1ec7t Nam D\u1ecbch Gi\u1ea3: &#8211; Nh\u00e0 Xu\u1ea5t B\u1ea3n: N\u1ed9i B\u1ed9 Ng\u00f4n Ng\u1eef: Ti\u1ebfng Vi\u1ec7t<\/p>\n","protected":false},"featured_media":0,"comment_status":"open","ping_status":"closed","template":"","meta":[],"product_cat":[44],"product_tag":[],"class_list":["post-894","product","type-product","status-publish","hentry","product_cat-yds"],"_links":{"self":[{"href":"https:\/\/yinkata.com\/tusach\/index.php\/wp-json\/wp\/v2\/product\/894","targetHints":{"allow":["GET"]}}],"collection":[{"href":"https:\/\/yinkata.com\/tusach\/index.php\/wp-json\/wp\/v2\/product"}],"about":[{"href":"https:\/\/yinkata.com\/tusach\/index.php\/wp-json\/wp\/v2\/types\/product"}],"replies":[{"embeddable":true,"href":"https:\/\/yinkata.com\/tusach\/index.php\/wp-json\/wp\/v2\/comments?post=894"}],"wp:attachment":[{"href":"https:\/\/yinkata.com\/tusach\/index.php\/wp-json\/wp\/v2\/media?parent=894"}],"wp:term":[{"taxonomy":"product_cat","embeddable":true,"href":"https:\/\/yinkata.com\/tusach\/index.php\/wp-json\/wp\/v2\/product_cat?post=894"},{"taxonomy":"product_tag","embeddable":true,"href":"https:\/\/yinkata.com\/tusach\/index.php\/wp-json\/wp\/v2\/product_tag?post=894"}],"curies":[{"name":"wp","href":"https:\/\/api.w.org\/{rel}","templated":true}]}}