{"id":889,"date":"2023-06-24T17:29:01","date_gmt":"2023-06-24T10:29:01","guid":{"rendered":"https:\/\/yinkata.com\/tusach\/index.php\/san-pham\/nam-mo-giua-long-thanh-thanh-pho\/"},"modified":"2025-04-01T03:28:15","modified_gmt":"2025-03-31T20:28:15","slug":"nam-mo-giua-long-thanh-thanh-pho","status":"publish","type":"product","link":"https:\/\/yinkata.com\/tusach\/index.php\/san-pham\/nam-mo-giua-long-thanh-thanh-pho\/","title":{"rendered":"N\u1eb0M M\u01a0 GI\u1eeeA L\u00d2NG TH\u00c0NH TH\u00c0NH PH\u1ed0"},"content":{"rendered":"<p>T\u00e1c Gi\u1ea3: Xanh Lam<br \/>\nD\u1ecbch Gi\u1ea3: &#8211;<br \/>\nNh\u00e0 Xu\u1ea5t B\u1ea3n: Nxb Ph\u1ee5 N\u1eef Vi\u1ec7t Nam<br \/>\nNg\u00f4n Ng\u1eef: Ti\u1ebfng Vi\u1ec7t<\/p>\n","protected":false},"excerpt":{"rendered":"<p>T\u00e1c Gi\u1ea3: Xanh Lam D\u1ecbch Gi\u1ea3: &#8211; Nh\u00e0 Xu\u1ea5t B\u1ea3n: Nxb Ph\u1ee5 N\u1eef Vi\u1ec7t Nam Ng\u00f4n Ng\u1eef: Ti\u1ebfng Vi\u1ec7t<\/p>\n","protected":false},"featured_media":1298,"comment_status":"open","ping_status":"closed","template":"","meta":[],"product_cat":[39],"product_tag":[],"class_list":["post-889","product","type-product","status-publish","has-post-thumbnail","hentry","product_cat-vhg"],"_links":{"self":[{"href":"https:\/\/yinkata.com\/tusach\/index.php\/wp-json\/wp\/v2\/product\/889","targetHints":{"allow":["GET"]}}],"collection":[{"href":"https:\/\/yinkata.com\/tusach\/index.php\/wp-json\/wp\/v2\/product"}],"about":[{"href":"https:\/\/yinkata.com\/tusach\/index.php\/wp-json\/wp\/v2\/types\/product"}],"replies":[{"embeddable":true,"href":"https:\/\/yinkata.com\/tusach\/index.php\/wp-json\/wp\/v2\/comments?post=889"}],"wp:featuredmedia":[{"embeddable":true,"href":"https:\/\/yinkata.com\/tusach\/index.php\/wp-json\/wp\/v2\/media\/1298"}],"wp:attachment":[{"href":"https:\/\/yinkata.com\/tusach\/index.php\/wp-json\/wp\/v2\/media?parent=889"}],"wp:term":[{"taxonomy":"product_cat","embeddable":true,"href":"https:\/\/yinkata.com\/tusach\/index.php\/wp-json\/wp\/v2\/product_cat?post=889"},{"taxonomy":"product_tag","embeddable":true,"href":"https:\/\/yinkata.com\/tusach\/index.php\/wp-json\/wp\/v2\/product_tag?post=889"}],"curies":[{"name":"wp","href":"https:\/\/api.w.org\/{rel}","templated":true}]}}