{"id":885,"date":"2023-06-24T17:29:00","date_gmt":"2023-06-24T10:29:00","guid":{"rendered":"https:\/\/yinkata.com\/tusach\/index.php\/san-pham\/nhung-phan-thiet-yeu-de-tu-tap-thien\/"},"modified":"2023-06-26T08:56:38","modified_gmt":"2023-06-26T01:56:38","slug":"nhung-phan-thiet-yeu-de-tu-tap-thien","status":"publish","type":"product","link":"https:\/\/yinkata.com\/tusach\/index.php\/san-pham\/nhung-phan-thiet-yeu-de-tu-tap-thien\/","title":{"rendered":"NH\u1eeeNG PH\u1ea6N THI\u1ebeT Y\u1ebeU \u0110\u1ec2 TU T\u1eacP THI\u1ec0N"},"content":{"rendered":"<p>T\u00e1c Gi\u1ea3: Sayadaw U Kumarabhivamsa<br \/>\nD\u1ecbch Gi\u1ea3: Si\u00eau Thi\u1ec7n<br \/>\nNh\u00e0 Xu\u1ea5t B\u1ea3n: Nxb T\u00f4n Gi\u00e1o<br \/>\nNg\u00f4n Ng\u1eef: Ti\u1ebfng Vi\u1ec7t<\/p>\n","protected":false},"excerpt":{"rendered":"<p>T\u00e1c Gi\u1ea3: Sayadaw U Kumarabhivamsa D\u1ecbch Gi\u1ea3: Si\u00eau Thi\u1ec7n Nh\u00e0 Xu\u1ea5t B\u1ea3n: Nxb T\u00f4n Gi\u00e1o Ng\u00f4n Ng\u1eef: Ti\u1ebfng Vi\u1ec7t<\/p>\n","protected":false},"featured_media":1418,"comment_status":"open","ping_status":"closed","template":"","meta":[],"product_cat":[41],"product_tag":[],"class_list":["post-885","product","type-product","status-publish","has-post-thumbnail","hentry","product_cat-tdq"],"_links":{"self":[{"href":"https:\/\/yinkata.com\/tusach\/index.php\/wp-json\/wp\/v2\/product\/885","targetHints":{"allow":["GET"]}}],"collection":[{"href":"https:\/\/yinkata.com\/tusach\/index.php\/wp-json\/wp\/v2\/product"}],"about":[{"href":"https:\/\/yinkata.com\/tusach\/index.php\/wp-json\/wp\/v2\/types\/product"}],"replies":[{"embeddable":true,"href":"https:\/\/yinkata.com\/tusach\/index.php\/wp-json\/wp\/v2\/comments?post=885"}],"wp:featuredmedia":[{"embeddable":true,"href":"https:\/\/yinkata.com\/tusach\/index.php\/wp-json\/wp\/v2\/media\/1418"}],"wp:attachment":[{"href":"https:\/\/yinkata.com\/tusach\/index.php\/wp-json\/wp\/v2\/media?parent=885"}],"wp:term":[{"taxonomy":"product_cat","embeddable":true,"href":"https:\/\/yinkata.com\/tusach\/index.php\/wp-json\/wp\/v2\/product_cat?post=885"},{"taxonomy":"product_tag","embeddable":true,"href":"https:\/\/yinkata.com\/tusach\/index.php\/wp-json\/wp\/v2\/product_tag?post=885"}],"curies":[{"name":"wp","href":"https:\/\/api.w.org\/{rel}","templated":true}]}}