{"id":884,"date":"2023-06-24T17:29:00","date_gmt":"2023-06-24T10:29:00","guid":{"rendered":"https:\/\/yinkata.com\/tusach\/index.php\/san-pham\/nhung-nguoi-trong-nom-trai-dat\/"},"modified":"2023-06-26T09:00:41","modified_gmt":"2023-06-26T02:00:41","slug":"nhung-nguoi-trong-nom-trai-dat","status":"publish","type":"product","link":"https:\/\/yinkata.com\/tusach\/index.php\/san-pham\/nhung-nguoi-trong-nom-trai-dat\/","title":{"rendered":"NH\u1eeeNG NG\u01af\u1edcI TR\u00d4NG NOM TR\u00c1I \u0110\u1ea4T"},"content":{"rendered":"<p>T\u00e1c Gi\u1ea3: Dolores Cannon<br \/>\nD\u1ecbch Gi\u1ea3: Na<br \/>\nNh\u00e0 Xu\u1ea5t B\u1ea3n: &#8211;<br \/>\nNg\u00f4n Ng\u1eef: Ti\u1ebfng Vi\u1ec7t<\/p>\n","protected":false},"excerpt":{"rendered":"<p>T\u00e1c Gi\u1ea3: Dolores Cannon D\u1ecbch Gi\u1ea3: Na Nh\u00e0 Xu\u1ea5t B\u1ea3n: &#8211; Ng\u00f4n Ng\u1eef: Ti\u1ebfng Vi\u1ec7t<\/p>\n","protected":false},"featured_media":1567,"comment_status":"open","ping_status":"closed","template":"","meta":[],"product_cat":[22],"product_tag":[],"class_list":["post-884","product","type-product","status-publish","has-post-thumbnail","hentry","product_cat-tgi"],"_links":{"self":[{"href":"https:\/\/yinkata.com\/tusach\/index.php\/wp-json\/wp\/v2\/product\/884","targetHints":{"allow":["GET"]}}],"collection":[{"href":"https:\/\/yinkata.com\/tusach\/index.php\/wp-json\/wp\/v2\/product"}],"about":[{"href":"https:\/\/yinkata.com\/tusach\/index.php\/wp-json\/wp\/v2\/types\/product"}],"replies":[{"embeddable":true,"href":"https:\/\/yinkata.com\/tusach\/index.php\/wp-json\/wp\/v2\/comments?post=884"}],"wp:featuredmedia":[{"embeddable":true,"href":"https:\/\/yinkata.com\/tusach\/index.php\/wp-json\/wp\/v2\/media\/1567"}],"wp:attachment":[{"href":"https:\/\/yinkata.com\/tusach\/index.php\/wp-json\/wp\/v2\/media?parent=884"}],"wp:term":[{"taxonomy":"product_cat","embeddable":true,"href":"https:\/\/yinkata.com\/tusach\/index.php\/wp-json\/wp\/v2\/product_cat?post=884"},{"taxonomy":"product_tag","embeddable":true,"href":"https:\/\/yinkata.com\/tusach\/index.php\/wp-json\/wp\/v2\/product_tag?post=884"}],"curies":[{"name":"wp","href":"https:\/\/api.w.org\/{rel}","templated":true}]}}