{"id":883,"date":"2023-06-24T17:29:00","date_gmt":"2023-06-24T10:29:00","guid":{"rendered":"https:\/\/yinkata.com\/tusach\/index.php\/san-pham\/nhung-giao-phap-bi-mat-cua-tu-thu-tay-tang\/"},"modified":"2023-06-26T08:57:16","modified_gmt":"2023-06-26T01:57:16","slug":"nhung-giao-phap-bi-mat-cua-tu-thu-tay-tang","status":"publish","type":"product","link":"https:\/\/yinkata.com\/tusach\/index.php\/san-pham\/nhung-giao-phap-bi-mat-cua-tu-thu-tay-tang\/","title":{"rendered":"NH\u1eeeNG GI\u00c1O PH\u00c1P B\u00cd M\u1eacT C\u1ee6A T\u1eec TH\u01af T\u00c2Y T\u1ea0NG"},"content":{"rendered":"<p>T\u00e1c Gi\u1ea3: Detlef Ingo Lauf<br \/>\nD\u1ecbch Gi\u1ea3: Ti\u1ebfn Th\u00e0nh<br \/>\nNh\u00e0 Xu\u1ea5t B\u1ea3n: Nxb H\u1ed3ng \u0110\u1ee9c<br \/>\nNg\u00f4n Ng\u1eef: Ti\u1ebfng Vi\u1ec7t<\/p>\n","protected":false},"excerpt":{"rendered":"<p>T\u00e1c Gi\u1ea3: Detlef Ingo Lauf D\u1ecbch Gi\u1ea3: Ti\u1ebfn Th\u00e0nh Nh\u00e0 Xu\u1ea5t B\u1ea3n: Nxb H\u1ed3ng \u0110\u1ee9c Ng\u00f4n Ng\u1eef: Ti\u1ebfng Vi\u1ec7t<\/p>\n","protected":false},"featured_media":1274,"comment_status":"open","ping_status":"closed","template":"","meta":[],"product_cat":[22],"product_tag":[],"class_list":["post-883","product","type-product","status-publish","has-post-thumbnail","hentry","product_cat-tgi"],"_links":{"self":[{"href":"https:\/\/yinkata.com\/tusach\/index.php\/wp-json\/wp\/v2\/product\/883","targetHints":{"allow":["GET"]}}],"collection":[{"href":"https:\/\/yinkata.com\/tusach\/index.php\/wp-json\/wp\/v2\/product"}],"about":[{"href":"https:\/\/yinkata.com\/tusach\/index.php\/wp-json\/wp\/v2\/types\/product"}],"replies":[{"embeddable":true,"href":"https:\/\/yinkata.com\/tusach\/index.php\/wp-json\/wp\/v2\/comments?post=883"}],"wp:featuredmedia":[{"embeddable":true,"href":"https:\/\/yinkata.com\/tusach\/index.php\/wp-json\/wp\/v2\/media\/1274"}],"wp:attachment":[{"href":"https:\/\/yinkata.com\/tusach\/index.php\/wp-json\/wp\/v2\/media?parent=883"}],"wp:term":[{"taxonomy":"product_cat","embeddable":true,"href":"https:\/\/yinkata.com\/tusach\/index.php\/wp-json\/wp\/v2\/product_cat?post=883"},{"taxonomy":"product_tag","embeddable":true,"href":"https:\/\/yinkata.com\/tusach\/index.php\/wp-json\/wp\/v2\/product_tag?post=883"}],"curies":[{"name":"wp","href":"https:\/\/api.w.org\/{rel}","templated":true}]}}