{"id":870,"date":"2023-06-24T17:28:57","date_gmt":"2023-06-24T10:28:57","guid":{"rendered":"https:\/\/yinkata.com\/tusach\/index.php\/san-pham\/nguoi-tinh\/"},"modified":"2023-06-26T09:09:01","modified_gmt":"2023-06-26T02:09:01","slug":"nguoi-tinh","status":"publish","type":"product","link":"https:\/\/yinkata.com\/tusach\/index.php\/san-pham\/nguoi-tinh\/","title":{"rendered":"NG\u01af\u1edcI T\u00ccNH"},"content":{"rendered":"<p>T\u00e1c Gi\u1ea3: Marguerite Duras<br \/>\nD\u1ecbch Gi\u1ea3: L\u00ea Ng\u1ecdc Mai<br \/>\nNh\u00e0 Xu\u1ea5t B\u1ea3n: Nxb H\u1ed9i Nh\u00e0 V\u0103n<br \/>\nNg\u00f4n Ng\u1eef: Ti\u1ebfng Vi\u1ec7t<\/p>\n","protected":false},"excerpt":{"rendered":"<p>T\u00e1c Gi\u1ea3: Marguerite Duras D\u1ecbch Gi\u1ea3: L\u00ea Ng\u1ecdc Mai Nh\u00e0 Xu\u1ea5t B\u1ea3n: Nxb H\u1ed9i Nh\u00e0 V\u0103n Ng\u00f4n Ng\u1eef: Ti\u1ebfng Vi\u1ec7t<\/p>\n","protected":false},"featured_media":1304,"comment_status":"open","ping_status":"closed","template":"","meta":[],"product_cat":[39],"product_tag":[],"class_list":["post-870","product","type-product","status-publish","has-post-thumbnail","hentry","product_cat-vhg"],"_links":{"self":[{"href":"https:\/\/yinkata.com\/tusach\/index.php\/wp-json\/wp\/v2\/product\/870","targetHints":{"allow":["GET"]}}],"collection":[{"href":"https:\/\/yinkata.com\/tusach\/index.php\/wp-json\/wp\/v2\/product"}],"about":[{"href":"https:\/\/yinkata.com\/tusach\/index.php\/wp-json\/wp\/v2\/types\/product"}],"replies":[{"embeddable":true,"href":"https:\/\/yinkata.com\/tusach\/index.php\/wp-json\/wp\/v2\/comments?post=870"}],"wp:featuredmedia":[{"embeddable":true,"href":"https:\/\/yinkata.com\/tusach\/index.php\/wp-json\/wp\/v2\/media\/1304"}],"wp:attachment":[{"href":"https:\/\/yinkata.com\/tusach\/index.php\/wp-json\/wp\/v2\/media?parent=870"}],"wp:term":[{"taxonomy":"product_cat","embeddable":true,"href":"https:\/\/yinkata.com\/tusach\/index.php\/wp-json\/wp\/v2\/product_cat?post=870"},{"taxonomy":"product_tag","embeddable":true,"href":"https:\/\/yinkata.com\/tusach\/index.php\/wp-json\/wp\/v2\/product_tag?post=870"}],"curies":[{"name":"wp","href":"https:\/\/api.w.org\/{rel}","templated":true}]}}