{"id":868,"date":"2023-06-24T17:28:57","date_gmt":"2023-06-24T10:28:57","guid":{"rendered":"https:\/\/yinkata.com\/tusach\/index.php\/san-pham\/nghe-thuat-hanh-phuc-trong-cong-viec\/"},"modified":"2023-06-26T09:08:35","modified_gmt":"2023-06-26T02:08:35","slug":"nghe-thuat-hanh-phuc-trong-cong-viec","status":"publish","type":"product","link":"https:\/\/yinkata.com\/tusach\/index.php\/san-pham\/nghe-thuat-hanh-phuc-trong-cong-viec\/","title":{"rendered":"NGH\u1ec6 THU\u1eacT H\u1ea0NH PH\u00daC TRONG C\u00d4NG VI\u1ec6C"},"content":{"rendered":"<p>T\u00e1c Gi\u1ea3: The Dalai Latma<br \/>\nD\u1ecbch Gi\u1ea3: Kh\u00e1nh V\u00e2n<br \/>\nNh\u00e0 Xu\u1ea5t B\u1ea3n: Nxb Thanh H\u00f3a<br \/>\nNg\u00f4n Ng\u1eef: Ti\u1ebfng Vi\u1ec7t<\/p>\n","protected":false},"excerpt":{"rendered":"<p>T\u00e1c Gi\u1ea3: The Dalai Latma D\u1ecbch Gi\u1ea3: Kh\u00e1nh V\u00e2n Nh\u00e0 Xu\u1ea5t B\u1ea3n: Nxb Thanh H\u00f3a Ng\u00f4n Ng\u1eef: Ti\u1ebfng Vi\u1ec7t<\/p>\n","protected":false},"featured_media":1473,"comment_status":"open","ping_status":"closed","template":"","meta":[],"product_cat":[22],"product_tag":[],"class_list":["post-868","product","type-product","status-publish","has-post-thumbnail","hentry","product_cat-tgi"],"_links":{"self":[{"href":"https:\/\/yinkata.com\/tusach\/index.php\/wp-json\/wp\/v2\/product\/868","targetHints":{"allow":["GET"]}}],"collection":[{"href":"https:\/\/yinkata.com\/tusach\/index.php\/wp-json\/wp\/v2\/product"}],"about":[{"href":"https:\/\/yinkata.com\/tusach\/index.php\/wp-json\/wp\/v2\/types\/product"}],"replies":[{"embeddable":true,"href":"https:\/\/yinkata.com\/tusach\/index.php\/wp-json\/wp\/v2\/comments?post=868"}],"wp:featuredmedia":[{"embeddable":true,"href":"https:\/\/yinkata.com\/tusach\/index.php\/wp-json\/wp\/v2\/media\/1473"}],"wp:attachment":[{"href":"https:\/\/yinkata.com\/tusach\/index.php\/wp-json\/wp\/v2\/media?parent=868"}],"wp:term":[{"taxonomy":"product_cat","embeddable":true,"href":"https:\/\/yinkata.com\/tusach\/index.php\/wp-json\/wp\/v2\/product_cat?post=868"},{"taxonomy":"product_tag","embeddable":true,"href":"https:\/\/yinkata.com\/tusach\/index.php\/wp-json\/wp\/v2\/product_tag?post=868"}],"curies":[{"name":"wp","href":"https:\/\/api.w.org\/{rel}","templated":true}]}}