{"id":862,"date":"2023-06-24T17:28:53","date_gmt":"2023-06-24T10:28:53","guid":{"rendered":"https:\/\/yinkata.com\/tusach\/index.php\/san-pham\/my-son-vung-dat-thieng-vuong-quoc-co-champa\/"},"modified":"2023-06-24T17:51:45","modified_gmt":"2023-06-24T10:51:45","slug":"my-son-vung-dat-thieng-vuong-quoc-co-champa","status":"publish","type":"product","link":"https:\/\/yinkata.com\/tusach\/index.php\/san-pham\/my-son-vung-dat-thieng-vuong-quoc-co-champa\/","title":{"rendered":"M\u1ef8 S\u01a0N V\u00d9NG \u0110\u1ea4T THI\u00caNG V\u01af\u01a0NG QU\u1ed0C C\u1ed4 CHAMPA"},"content":{"rendered":"<p>T\u00e1c Gi\u1ea3: L\u00ea \u0110\u00ecnh Ph\u1ee5ng<br \/>\nD\u1ecbch Gi\u1ea3: &#8211;<br \/>\nNh\u00e0 Xu\u1ea5t B\u1ea3n: Nxb Khoa H\u1ecdc X\u00e3 H\u1ed9i<br \/>\nNg\u00f4n Ng\u1eef: Ti\u1ebfng Vi\u1ec7t<\/p>\n","protected":false},"excerpt":{"rendered":"<p>T\u00e1c Gi\u1ea3: L\u00ea \u0110\u00ecnh Ph\u1ee5ng D\u1ecbch Gi\u1ea3: &#8211; Nh\u00e0 Xu\u1ea5t B\u1ea3n: Nxb Khoa H\u1ecdc X\u00e3 H\u1ed9i Ng\u00f4n Ng\u1eef: Ti\u1ebfng Vi\u1ec7t<\/p>\n","protected":false},"featured_media":0,"comment_status":"open","ping_status":"closed","template":"","meta":[],"product_cat":[43],"product_tag":[],"class_list":["post-862","product","type-product","status-publish","hentry","product_cat-vhl"],"_links":{"self":[{"href":"https:\/\/yinkata.com\/tusach\/index.php\/wp-json\/wp\/v2\/product\/862","targetHints":{"allow":["GET"]}}],"collection":[{"href":"https:\/\/yinkata.com\/tusach\/index.php\/wp-json\/wp\/v2\/product"}],"about":[{"href":"https:\/\/yinkata.com\/tusach\/index.php\/wp-json\/wp\/v2\/types\/product"}],"replies":[{"embeddable":true,"href":"https:\/\/yinkata.com\/tusach\/index.php\/wp-json\/wp\/v2\/comments?post=862"}],"wp:attachment":[{"href":"https:\/\/yinkata.com\/tusach\/index.php\/wp-json\/wp\/v2\/media?parent=862"}],"wp:term":[{"taxonomy":"product_cat","embeddable":true,"href":"https:\/\/yinkata.com\/tusach\/index.php\/wp-json\/wp\/v2\/product_cat?post=862"},{"taxonomy":"product_tag","embeddable":true,"href":"https:\/\/yinkata.com\/tusach\/index.php\/wp-json\/wp\/v2\/product_tag?post=862"}],"curies":[{"name":"wp","href":"https:\/\/api.w.org\/{rel}","templated":true}]}}