{"id":847,"date":"2023-06-24T17:28:50","date_gmt":"2023-06-24T10:28:50","guid":{"rendered":"https:\/\/yinkata.com\/tusach\/index.php\/san-pham\/muoi-ton-giao-lon-tren-the-gioi-tap-1\/"},"modified":"2023-06-24T17:51:42","modified_gmt":"2023-06-24T10:51:42","slug":"muoi-ton-giao-lon-tren-the-gioi-tap-1","status":"publish","type":"product","link":"https:\/\/yinkata.com\/tusach\/index.php\/san-pham\/muoi-ton-giao-lon-tren-the-gioi-tap-1\/","title":{"rendered":"M\u01af\u1edcI T\u00d4N GI\u00c1O L\u1edaN TR\u00caN TH\u1ebe GI\u1edaI (T\u1eacP 1)"},"content":{"rendered":"<p>T\u00e1c Gi\u1ea3: Ho\u00e0ng T\u00e2m Xuy\u00ean<br \/>\nD\u1ecbch Gi\u1ea3: D\u01b0\u01a1ng Thu \u00c1i-Ph\u00f9ng Th\u1ecb Hu\u1ec7<br \/>\nNh\u00e0 Xu\u1ea5t B\u1ea3n: Nxb Ch\u00ednh Tr\u1ecb Qu\u1ed1c Gia<br \/>\nNg\u00f4n Ng\u1eef: Ti\u1ebfng Vi\u1ec7t<\/p>\n","protected":false},"excerpt":{"rendered":"<p>T\u00e1c Gi\u1ea3: Ho\u00e0ng T\u00e2m Xuy\u00ean D\u1ecbch Gi\u1ea3: D\u01b0\u01a1ng Thu \u00c1i-Ph\u00f9ng Th\u1ecb Hu\u1ec7 Nh\u00e0 Xu\u1ea5t B\u1ea3n: Nxb Ch\u00ednh Tr\u1ecb Qu\u1ed1c Gia Ng\u00f4n Ng\u1eef: Ti\u1ebfng Vi\u1ec7t<\/p>\n","protected":false},"featured_media":0,"comment_status":"open","ping_status":"closed","template":"","meta":[],"product_cat":[22],"product_tag":[],"class_list":["post-847","product","type-product","status-publish","hentry","product_cat-tgi"],"_links":{"self":[{"href":"https:\/\/yinkata.com\/tusach\/index.php\/wp-json\/wp\/v2\/product\/847","targetHints":{"allow":["GET"]}}],"collection":[{"href":"https:\/\/yinkata.com\/tusach\/index.php\/wp-json\/wp\/v2\/product"}],"about":[{"href":"https:\/\/yinkata.com\/tusach\/index.php\/wp-json\/wp\/v2\/types\/product"}],"replies":[{"embeddable":true,"href":"https:\/\/yinkata.com\/tusach\/index.php\/wp-json\/wp\/v2\/comments?post=847"}],"wp:attachment":[{"href":"https:\/\/yinkata.com\/tusach\/index.php\/wp-json\/wp\/v2\/media?parent=847"}],"wp:term":[{"taxonomy":"product_cat","embeddable":true,"href":"https:\/\/yinkata.com\/tusach\/index.php\/wp-json\/wp\/v2\/product_cat?post=847"},{"taxonomy":"product_tag","embeddable":true,"href":"https:\/\/yinkata.com\/tusach\/index.php\/wp-json\/wp\/v2\/product_tag?post=847"}],"curies":[{"name":"wp","href":"https:\/\/api.w.org\/{rel}","templated":true}]}}