{"id":844,"date":"2023-06-24T17:28:49","date_gmt":"2023-06-24T10:28:49","guid":{"rendered":"https:\/\/yinkata.com\/tusach\/index.php\/san-pham\/mon-an-vi-thuoc-tu-che-bien\/"},"modified":"2023-06-24T17:51:42","modified_gmt":"2023-06-24T10:51:42","slug":"mon-an-vi-thuoc-tu-che-bien","status":"publish","type":"product","link":"https:\/\/yinkata.com\/tusach\/index.php\/san-pham\/mon-an-vi-thuoc-tu-che-bien\/","title":{"rendered":"M\u00d3N \u0102N V\u1eca THU\u1ed0C T\u1ef0 CH\u1ebe BI\u1ebeN"},"content":{"rendered":"<p>T\u00e1c Gi\u1ea3: Th\u1ee5c Nh\u00e0n<br \/>\nD\u1ecbch Gi\u1ea3: &#8211;<br \/>\nNh\u00e0 Xu\u1ea5t B\u1ea3n: Nxb Ph\u01b0\u01a1ng \u0110\u00f4ng<br \/>\nNg\u00f4n Ng\u1eef: Ti\u1ebfng Vi\u1ec7t<\/p>\n","protected":false},"excerpt":{"rendered":"<p>T\u00e1c Gi\u1ea3: Th\u1ee5c Nh\u00e0n D\u1ecbch Gi\u1ea3: &#8211; Nh\u00e0 Xu\u1ea5t B\u1ea3n: Nxb Ph\u01b0\u01a1ng \u0110\u00f4ng Ng\u00f4n Ng\u1eef: Ti\u1ebfng Vi\u1ec7t<\/p>\n","protected":false},"featured_media":0,"comment_status":"open","ping_status":"closed","template":"","meta":[],"product_cat":[30],"product_tag":[],"class_list":["post-844","product","type-product","status-publish","hentry","product_cat-tdg"],"_links":{"self":[{"href":"https:\/\/yinkata.com\/tusach\/index.php\/wp-json\/wp\/v2\/product\/844","targetHints":{"allow":["GET"]}}],"collection":[{"href":"https:\/\/yinkata.com\/tusach\/index.php\/wp-json\/wp\/v2\/product"}],"about":[{"href":"https:\/\/yinkata.com\/tusach\/index.php\/wp-json\/wp\/v2\/types\/product"}],"replies":[{"embeddable":true,"href":"https:\/\/yinkata.com\/tusach\/index.php\/wp-json\/wp\/v2\/comments?post=844"}],"wp:attachment":[{"href":"https:\/\/yinkata.com\/tusach\/index.php\/wp-json\/wp\/v2\/media?parent=844"}],"wp:term":[{"taxonomy":"product_cat","embeddable":true,"href":"https:\/\/yinkata.com\/tusach\/index.php\/wp-json\/wp\/v2\/product_cat?post=844"},{"taxonomy":"product_tag","embeddable":true,"href":"https:\/\/yinkata.com\/tusach\/index.php\/wp-json\/wp\/v2\/product_tag?post=844"}],"curies":[{"name":"wp","href":"https:\/\/api.w.org\/{rel}","templated":true}]}}