{"id":818,"date":"2023-06-24T17:28:41","date_gmt":"2023-06-24T10:28:41","guid":{"rendered":"https:\/\/yinkata.com\/tusach\/index.php\/san-pham\/luat-tri-nao-danh-cho-tre\/"},"modified":"2024-10-26T01:06:33","modified_gmt":"2024-10-25T18:06:33","slug":"luat-tri-nao-danh-cho-tre","status":"publish","type":"product","link":"https:\/\/yinkata.com\/tusach\/index.php\/san-pham\/luat-tri-nao-danh-cho-tre\/","title":{"rendered":"LU\u1eacT TR\u00cd N\u00c3O D\u00c0NH CHO TR\u1eba"},"content":{"rendered":"<p>T\u00e1c Gi\u1ea3: John Medina<br \/>\nD\u1ecbch Gi\u1ea3: Nguy\u1ec5n Kim Di\u1ec7u<br \/>\nNh\u00e0 Xu\u1ea5t B\u1ea3n: Nxb Th\u1ebf Gi\u1edbi<br \/>\nNg\u00f4n Ng\u1eef: Ti\u1ebfng Vi\u1ec7t<\/p>\n","protected":false},"excerpt":{"rendered":"<p>T\u00e1c Gi\u1ea3: John Medina D\u1ecbch Gi\u1ea3: Nguy\u1ec5n Kim Di\u1ec7u Nh\u00e0 Xu\u1ea5t B\u1ea3n: Nxb Th\u1ebf Gi\u1edbi Ng\u00f4n Ng\u1eef: Ti\u1ebfng Vi\u1ec7t<\/p>\n","protected":false},"featured_media":0,"comment_status":"open","ping_status":"closed","template":"","meta":[],"product_cat":[29],"product_tag":[],"class_list":["post-818","product","type-product","status-publish","hentry","product_cat-skh"],"_links":{"self":[{"href":"https:\/\/yinkata.com\/tusach\/index.php\/wp-json\/wp\/v2\/product\/818","targetHints":{"allow":["GET"]}}],"collection":[{"href":"https:\/\/yinkata.com\/tusach\/index.php\/wp-json\/wp\/v2\/product"}],"about":[{"href":"https:\/\/yinkata.com\/tusach\/index.php\/wp-json\/wp\/v2\/types\/product"}],"replies":[{"embeddable":true,"href":"https:\/\/yinkata.com\/tusach\/index.php\/wp-json\/wp\/v2\/comments?post=818"}],"wp:attachment":[{"href":"https:\/\/yinkata.com\/tusach\/index.php\/wp-json\/wp\/v2\/media?parent=818"}],"wp:term":[{"taxonomy":"product_cat","embeddable":true,"href":"https:\/\/yinkata.com\/tusach\/index.php\/wp-json\/wp\/v2\/product_cat?post=818"},{"taxonomy":"product_tag","embeddable":true,"href":"https:\/\/yinkata.com\/tusach\/index.php\/wp-json\/wp\/v2\/product_tag?post=818"}],"curies":[{"name":"wp","href":"https:\/\/api.w.org\/{rel}","templated":true}]}}