{"id":811,"date":"2023-06-24T17:28:39","date_gmt":"2023-06-24T10:28:39","guid":{"rendered":"https:\/\/yinkata.com\/tusach\/index.php\/san-pham\/kinh-dia-tang-bo-tat-bon-nguyen\/"},"modified":"2023-06-24T17:51:35","modified_gmt":"2023-06-24T10:51:35","slug":"kinh-dia-tang-bo-tat-bon-nguyen","status":"publish","type":"product","link":"https:\/\/yinkata.com\/tusach\/index.php\/san-pham\/kinh-dia-tang-bo-tat-bon-nguyen\/","title":{"rendered":"KINH \u0110\u1ecaA T\u1ea0NG B\u1ed2 T\u00c1T B\u1ed4N NGUY\u1ec6N"},"content":{"rendered":"<p>T\u00e1c Gi\u1ea3: Gi\u00e1o H\u1ed9i Ph\u1eadt Gi\u00e1o Vi\u1ec7t Nam<br \/>\nD\u1ecbch Gi\u1ea3: Ht. Th\u00edch Tr\u00ed T\u1ecbnh<br \/>\nNh\u00e0 Xu\u1ea5t B\u1ea3n: Nxb T\u00f4n Gi\u00e1o<br \/>\nNg\u00f4n Ng\u1eef: Ti\u1ebfng Vi\u1ec7t<\/p>\n","protected":false},"excerpt":{"rendered":"<p>T\u00e1c Gi\u1ea3: Gi\u00e1o H\u1ed9i Ph\u1eadt Gi\u00e1o Vi\u1ec7t Nam D\u1ecbch Gi\u1ea3: Ht. Th\u00edch Tr\u00ed T\u1ecbnh Nh\u00e0 Xu\u1ea5t B\u1ea3n: Nxb T\u00f4n Gi\u00e1o Ng\u00f4n Ng\u1eef: Ti\u1ebfng Vi\u1ec7t<\/p>\n","protected":false},"featured_media":0,"comment_status":"open","ping_status":"closed","template":"","meta":[],"product_cat":[22],"product_tag":[],"class_list":["post-811","product","type-product","status-publish","hentry","product_cat-tgi"],"_links":{"self":[{"href":"https:\/\/yinkata.com\/tusach\/index.php\/wp-json\/wp\/v2\/product\/811","targetHints":{"allow":["GET"]}}],"collection":[{"href":"https:\/\/yinkata.com\/tusach\/index.php\/wp-json\/wp\/v2\/product"}],"about":[{"href":"https:\/\/yinkata.com\/tusach\/index.php\/wp-json\/wp\/v2\/types\/product"}],"replies":[{"embeddable":true,"href":"https:\/\/yinkata.com\/tusach\/index.php\/wp-json\/wp\/v2\/comments?post=811"}],"wp:attachment":[{"href":"https:\/\/yinkata.com\/tusach\/index.php\/wp-json\/wp\/v2\/media?parent=811"}],"wp:term":[{"taxonomy":"product_cat","embeddable":true,"href":"https:\/\/yinkata.com\/tusach\/index.php\/wp-json\/wp\/v2\/product_cat?post=811"},{"taxonomy":"product_tag","embeddable":true,"href":"https:\/\/yinkata.com\/tusach\/index.php\/wp-json\/wp\/v2\/product_tag?post=811"}],"curies":[{"name":"wp","href":"https:\/\/api.w.org\/{rel}","templated":true}]}}