{"id":802,"date":"2023-06-24T17:28:35","date_gmt":"2023-06-24T10:28:35","guid":{"rendered":"https:\/\/yinkata.com\/tusach\/index.php\/san-pham\/khong-diet-khong-sinh-dung-so-hai\/"},"modified":"2023-06-24T17:51:32","modified_gmt":"2023-06-24T10:51:32","slug":"khong-diet-khong-sinh-dung-so-hai","status":"publish","type":"product","link":"https:\/\/yinkata.com\/tusach\/index.php\/san-pham\/khong-diet-khong-sinh-dung-so-hai\/","title":{"rendered":"KH\u00d4NG DI\u1ec6T KH\u00d4NG SINH \u0110\u1eeaNG S\u1ee2 H\u00c3I"},"content":{"rendered":"<p>T\u00e1c Gi\u1ea3: Th\u00edch Nh\u1ea5t H\u1ea1nh<br \/>\nD\u1ecbch Gi\u1ea3: Ch\u00e2n Huy\u1ec1n<br \/>\nNh\u00e0 Xu\u1ea5t B\u1ea3n: Nxb H\u1ed9i Nh\u00e0 V\u0103n<br \/>\nNg\u00f4n Ng\u1eef: Ti\u1ebfng Vi\u1ec7t<\/p>\n","protected":false},"excerpt":{"rendered":"<p>T\u00e1c Gi\u1ea3: Th\u00edch Nh\u1ea5t H\u1ea1nh D\u1ecbch Gi\u1ea3: Ch\u00e2n Huy\u1ec1n Nh\u00e0 Xu\u1ea5t B\u1ea3n: Nxb H\u1ed9i Nh\u00e0 V\u0103n Ng\u00f4n Ng\u1eef: Ti\u1ebfng Vi\u1ec7t<\/p>\n","protected":false},"featured_media":0,"comment_status":"open","ping_status":"closed","template":"","meta":[],"product_cat":[22],"product_tag":[],"class_list":["post-802","product","type-product","status-publish","hentry","product_cat-tgi"],"_links":{"self":[{"href":"https:\/\/yinkata.com\/tusach\/index.php\/wp-json\/wp\/v2\/product\/802","targetHints":{"allow":["GET"]}}],"collection":[{"href":"https:\/\/yinkata.com\/tusach\/index.php\/wp-json\/wp\/v2\/product"}],"about":[{"href":"https:\/\/yinkata.com\/tusach\/index.php\/wp-json\/wp\/v2\/types\/product"}],"replies":[{"embeddable":true,"href":"https:\/\/yinkata.com\/tusach\/index.php\/wp-json\/wp\/v2\/comments?post=802"}],"wp:attachment":[{"href":"https:\/\/yinkata.com\/tusach\/index.php\/wp-json\/wp\/v2\/media?parent=802"}],"wp:term":[{"taxonomy":"product_cat","embeddable":true,"href":"https:\/\/yinkata.com\/tusach\/index.php\/wp-json\/wp\/v2\/product_cat?post=802"},{"taxonomy":"product_tag","embeddable":true,"href":"https:\/\/yinkata.com\/tusach\/index.php\/wp-json\/wp\/v2\/product_tag?post=802"}],"curies":[{"name":"wp","href":"https:\/\/api.w.org\/{rel}","templated":true}]}}