{"id":795,"date":"2023-06-24T17:28:34","date_gmt":"2023-06-24T10:28:34","guid":{"rendered":"https:\/\/yinkata.com\/tusach\/index.php\/san-pham\/khi-ban-chan-cham-vao-dat-me\/"},"modified":"2023-06-24T17:51:31","modified_gmt":"2023-06-24T10:51:31","slug":"khi-ban-chan-cham-vao-dat-me","status":"publish","type":"product","link":"https:\/\/yinkata.com\/tusach\/index.php\/san-pham\/khi-ban-chan-cham-vao-dat-me\/","title":{"rendered":"KHI B\u00c0N CH\u00c2N CH\u1ea0M V\u00c0O \u0110\u1ea4T M\u1eb8"},"content":{"rendered":"<p>T\u00e1c Gi\u1ea3: Clinton Ober<br \/>\nStephen T Sinatra, Md<br \/>\nMartin Zucker<br \/>\nD\u1ecbch Gi\u1ea3: Kim V\u0103n<br \/>\nNh\u00e0 Xu\u1ea5t B\u1ea3n: Nxb D\u00e2n Tr\u00ed<br \/>\nNg\u00f4n Ng\u1eef: Ti\u1ebfng Vi\u1ec7t<\/p>\n","protected":false},"excerpt":{"rendered":"<p>T\u00e1c Gi\u1ea3: Clinton Ober Stephen T Sinatra, Md Martin Zucker D\u1ecbch Gi\u1ea3: Kim V\u0103n Nh\u00e0 Xu\u1ea5t B\u1ea3n: Nxb D\u00e2n Tr\u00ed Ng\u00f4n Ng\u1eef: Ti\u1ebfng Vi\u1ec7t<\/p>\n","protected":false},"featured_media":0,"comment_status":"open","ping_status":"closed","template":"","meta":[],"product_cat":[29],"product_tag":[],"class_list":["post-795","product","type-product","status-publish","hentry","product_cat-skh"],"_links":{"self":[{"href":"https:\/\/yinkata.com\/tusach\/index.php\/wp-json\/wp\/v2\/product\/795","targetHints":{"allow":["GET"]}}],"collection":[{"href":"https:\/\/yinkata.com\/tusach\/index.php\/wp-json\/wp\/v2\/product"}],"about":[{"href":"https:\/\/yinkata.com\/tusach\/index.php\/wp-json\/wp\/v2\/types\/product"}],"replies":[{"embeddable":true,"href":"https:\/\/yinkata.com\/tusach\/index.php\/wp-json\/wp\/v2\/comments?post=795"}],"wp:attachment":[{"href":"https:\/\/yinkata.com\/tusach\/index.php\/wp-json\/wp\/v2\/media?parent=795"}],"wp:term":[{"taxonomy":"product_cat","embeddable":true,"href":"https:\/\/yinkata.com\/tusach\/index.php\/wp-json\/wp\/v2\/product_cat?post=795"},{"taxonomy":"product_tag","embeddable":true,"href":"https:\/\/yinkata.com\/tusach\/index.php\/wp-json\/wp\/v2\/product_tag?post=795"}],"curies":[{"name":"wp","href":"https:\/\/api.w.org\/{rel}","templated":true}]}}