{"id":794,"date":"2023-06-24T17:28:33","date_gmt":"2023-06-24T10:28:33","guid":{"rendered":"https:\/\/yinkata.com\/tusach\/index.php\/san-pham\/hoi-y-thien\/"},"modified":"2023-06-24T17:51:31","modified_gmt":"2023-06-24T10:51:31","slug":"hoi-y-thien","status":"publish","type":"product","link":"https:\/\/yinkata.com\/tusach\/index.php\/san-pham\/hoi-y-thien\/","title":{"rendered":"H\u1ed8I \u00dd THI\u1ec0N"},"content":{"rendered":"<p>T\u00e1c Gi\u1ea3: Chu Qu\u1ed1c B\u00ecnh<br \/>\nD\u1ecbch Gi\u1ea3: H\u00e0 S\u01a1n-\u0110\u1ea1o Li\u00ean<br \/>\nNh\u00e0 Xu\u1ea5t B\u1ea3n: Nxb T\u00f4n Gi\u00e1o<br \/>\nNg\u00f4n Ng\u1eef: Ti\u1ebfng Vi\u1ec7t<\/p>\n","protected":false},"excerpt":{"rendered":"<p>T\u00e1c Gi\u1ea3: Chu Qu\u1ed1c B\u00ecnh D\u1ecbch Gi\u1ea3: H\u00e0 S\u01a1n-\u0110\u1ea1o Li\u00ean Nh\u00e0 Xu\u1ea5t B\u1ea3n: Nxb T\u00f4n Gi\u00e1o Ng\u00f4n Ng\u1eef: Ti\u1ebfng Vi\u1ec7t<\/p>\n","protected":false},"featured_media":0,"comment_status":"open","ping_status":"closed","template":"","meta":[],"product_cat":[41],"product_tag":[],"class_list":["post-794","product","type-product","status-publish","hentry","product_cat-tdq"],"_links":{"self":[{"href":"https:\/\/yinkata.com\/tusach\/index.php\/wp-json\/wp\/v2\/product\/794","targetHints":{"allow":["GET"]}}],"collection":[{"href":"https:\/\/yinkata.com\/tusach\/index.php\/wp-json\/wp\/v2\/product"}],"about":[{"href":"https:\/\/yinkata.com\/tusach\/index.php\/wp-json\/wp\/v2\/types\/product"}],"replies":[{"embeddable":true,"href":"https:\/\/yinkata.com\/tusach\/index.php\/wp-json\/wp\/v2\/comments?post=794"}],"wp:attachment":[{"href":"https:\/\/yinkata.com\/tusach\/index.php\/wp-json\/wp\/v2\/media?parent=794"}],"wp:term":[{"taxonomy":"product_cat","embeddable":true,"href":"https:\/\/yinkata.com\/tusach\/index.php\/wp-json\/wp\/v2\/product_cat?post=794"},{"taxonomy":"product_tag","embeddable":true,"href":"https:\/\/yinkata.com\/tusach\/index.php\/wp-json\/wp\/v2\/product_tag?post=794"}],"curies":[{"name":"wp","href":"https:\/\/api.w.org\/{rel}","templated":true}]}}