{"id":788,"date":"2023-06-24T17:28:32","date_gmt":"2023-06-24T10:28:32","guid":{"rendered":"https:\/\/yinkata.com\/tusach\/index.php\/san-pham\/hoi-dap-ve-tri-lieu-theo-kinh-lac-mach\/"},"modified":"2023-06-24T17:51:30","modified_gmt":"2023-06-24T10:51:30","slug":"hoi-dap-ve-tri-lieu-theo-kinh-lac-mach","status":"publish","type":"product","link":"https:\/\/yinkata.com\/tusach\/index.php\/san-pham\/hoi-dap-ve-tri-lieu-theo-kinh-lac-mach\/","title":{"rendered":"H\u1eceI \u0110\u00c1P V\u1ec0 TR\u1eca LI\u1ec6U THEO KINH L\u1ea0C M\u1ea0CH"},"content":{"rendered":"<p>T\u00e1c Gi\u1ea3: Honma Shohaku<br \/>\nD\u1ecbch Gi\u1ea3: L\u00ea Qu\u00fd Ng\u01b0u-L\u01b0\u01a1ng T\u00fa V\u00e2n<br \/>\nNh\u00e0 Xu\u1ea5t B\u1ea3n: Nxb Th\u1ebf Gi\u1edbi<br \/>\nNg\u00f4n Ng\u1eef: Ti\u1ebfng Vi\u1ec7t<\/p>\n","protected":false},"excerpt":{"rendered":"<p>T\u00e1c Gi\u1ea3: Honma Shohaku D\u1ecbch Gi\u1ea3: L\u00ea Qu\u00fd Ng\u01b0u-L\u01b0\u01a1ng T\u00fa V\u00e2n Nh\u00e0 Xu\u1ea5t B\u1ea3n: Nxb Th\u1ebf Gi\u1edbi Ng\u00f4n Ng\u1eef: Ti\u1ebfng Vi\u1ec7t<\/p>\n","protected":false},"featured_media":0,"comment_status":"open","ping_status":"closed","template":"","meta":[],"product_cat":[29],"product_tag":[],"class_list":["post-788","product","type-product","status-publish","hentry","product_cat-skh"],"_links":{"self":[{"href":"https:\/\/yinkata.com\/tusach\/index.php\/wp-json\/wp\/v2\/product\/788","targetHints":{"allow":["GET"]}}],"collection":[{"href":"https:\/\/yinkata.com\/tusach\/index.php\/wp-json\/wp\/v2\/product"}],"about":[{"href":"https:\/\/yinkata.com\/tusach\/index.php\/wp-json\/wp\/v2\/types\/product"}],"replies":[{"embeddable":true,"href":"https:\/\/yinkata.com\/tusach\/index.php\/wp-json\/wp\/v2\/comments?post=788"}],"wp:attachment":[{"href":"https:\/\/yinkata.com\/tusach\/index.php\/wp-json\/wp\/v2\/media?parent=788"}],"wp:term":[{"taxonomy":"product_cat","embeddable":true,"href":"https:\/\/yinkata.com\/tusach\/index.php\/wp-json\/wp\/v2\/product_cat?post=788"},{"taxonomy":"product_tag","embeddable":true,"href":"https:\/\/yinkata.com\/tusach\/index.php\/wp-json\/wp\/v2\/product_tag?post=788"}],"curies":[{"name":"wp","href":"https:\/\/api.w.org\/{rel}","templated":true}]}}