{"id":785,"date":"2023-06-24T17:28:32","date_gmt":"2023-06-24T10:28:32","guid":{"rendered":"https:\/\/yinkata.com\/tusach\/index.php\/san-pham\/he-thong-1500-chuoi-bien-the-tu-the-va-100-chuoi-bai-yoga-lien-hoan\/"},"modified":"2023-06-24T17:51:29","modified_gmt":"2023-06-24T10:51:29","slug":"he-thong-1500-chuoi-bien-the-tu-the-va-100-chuoi-bai-yoga-lien-hoan","status":"publish","type":"product","link":"https:\/\/yinkata.com\/tusach\/index.php\/san-pham\/he-thong-1500-chuoi-bien-the-tu-the-va-100-chuoi-bai-yoga-lien-hoan\/","title":{"rendered":"H\u1ec6 TH\u1ed0NG 1500 CHU\u1ed6I BI\u1ebeN TH\u1ec2 T\u01af TH\u1ebe V\u00c0 100 CHU\u1ed6I B\u00c0I YOGA LI\u00caN HO\u00c0N"},"content":{"rendered":"<p>T\u00e1c Gi\u1ea3: Phan Th\u1ecb Nga<br \/>\nD\u1ecbch Gi\u1ea3: &#8211;<br \/>\nNh\u00e0 Xu\u1ea5t B\u1ea3n: Nxb D\u00e2n Tr\u00ed<br \/>\nNg\u00f4n Ng\u1eef: Ti\u1ebfng Vi\u1ec7t<\/p>\n","protected":false},"excerpt":{"rendered":"<p>T\u00e1c Gi\u1ea3: Phan Th\u1ecb Nga D\u1ecbch Gi\u1ea3: &#8211; Nh\u00e0 Xu\u1ea5t B\u1ea3n: Nxb D\u00e2n Tr\u00ed Ng\u00f4n Ng\u1eef: Ti\u1ebfng Vi\u1ec7t<\/p>\n","protected":false},"featured_media":0,"comment_status":"open","ping_status":"closed","template":"","meta":[],"product_cat":[42],"product_tag":[],"class_list":["post-785","product","type-product","status-publish","hentry","product_cat-yog"],"_links":{"self":[{"href":"https:\/\/yinkata.com\/tusach\/index.php\/wp-json\/wp\/v2\/product\/785","targetHints":{"allow":["GET"]}}],"collection":[{"href":"https:\/\/yinkata.com\/tusach\/index.php\/wp-json\/wp\/v2\/product"}],"about":[{"href":"https:\/\/yinkata.com\/tusach\/index.php\/wp-json\/wp\/v2\/types\/product"}],"replies":[{"embeddable":true,"href":"https:\/\/yinkata.com\/tusach\/index.php\/wp-json\/wp\/v2\/comments?post=785"}],"wp:attachment":[{"href":"https:\/\/yinkata.com\/tusach\/index.php\/wp-json\/wp\/v2\/media?parent=785"}],"wp:term":[{"taxonomy":"product_cat","embeddable":true,"href":"https:\/\/yinkata.com\/tusach\/index.php\/wp-json\/wp\/v2\/product_cat?post=785"},{"taxonomy":"product_tag","embeddable":true,"href":"https:\/\/yinkata.com\/tusach\/index.php\/wp-json\/wp\/v2\/product_tag?post=785"}],"curies":[{"name":"wp","href":"https:\/\/api.w.org\/{rel}","templated":true}]}}