{"id":777,"date":"2023-06-24T17:28:30","date_gmt":"2023-06-24T10:28:30","guid":{"rendered":"https:\/\/yinkata.com\/tusach\/index.php\/san-pham\/huong-dan-khoi-dong-va-200-tu-the-yoga\/"},"modified":"2023-06-24T17:51:28","modified_gmt":"2023-06-24T10:51:28","slug":"huong-dan-khoi-dong-va-200-tu-the-yoga","status":"publish","type":"product","link":"https:\/\/yinkata.com\/tusach\/index.php\/san-pham\/huong-dan-khoi-dong-va-200-tu-the-yoga\/","title":{"rendered":"H\u01af\u1edaNG D\u1eaaN KH\u1edeI \u0110\u1ed8NG V\u00c0 200 T\u01af TH\u1ebe YOGA"},"content":{"rendered":"<p>T\u00e1c Gi\u1ea3: Phan Th\u1ecb Nga<br \/>\nD\u1ecbch Gi\u1ea3: &#8211;<br \/>\nNh\u00e0 Xu\u1ea5t B\u1ea3n: Nxb D\u00e2n Tr\u00ed<br \/>\nNg\u00f4n Ng\u1eef: Ti\u1ebfng Vi\u1ec7t<\/p>\n","protected":false},"excerpt":{"rendered":"<p>T\u00e1c Gi\u1ea3: Phan Th\u1ecb Nga D\u1ecbch Gi\u1ea3: &#8211; Nh\u00e0 Xu\u1ea5t B\u1ea3n: Nxb D\u00e2n Tr\u00ed Ng\u00f4n Ng\u1eef: Ti\u1ebfng Vi\u1ec7t<\/p>\n","protected":false},"featured_media":0,"comment_status":"open","ping_status":"closed","template":"","meta":[],"product_cat":[42],"product_tag":[],"class_list":["post-777","product","type-product","status-publish","hentry","product_cat-yog"],"_links":{"self":[{"href":"https:\/\/yinkata.com\/tusach\/index.php\/wp-json\/wp\/v2\/product\/777","targetHints":{"allow":["GET"]}}],"collection":[{"href":"https:\/\/yinkata.com\/tusach\/index.php\/wp-json\/wp\/v2\/product"}],"about":[{"href":"https:\/\/yinkata.com\/tusach\/index.php\/wp-json\/wp\/v2\/types\/product"}],"replies":[{"embeddable":true,"href":"https:\/\/yinkata.com\/tusach\/index.php\/wp-json\/wp\/v2\/comments?post=777"}],"wp:attachment":[{"href":"https:\/\/yinkata.com\/tusach\/index.php\/wp-json\/wp\/v2\/media?parent=777"}],"wp:term":[{"taxonomy":"product_cat","embeddable":true,"href":"https:\/\/yinkata.com\/tusach\/index.php\/wp-json\/wp\/v2\/product_cat?post=777"},{"taxonomy":"product_tag","embeddable":true,"href":"https:\/\/yinkata.com\/tusach\/index.php\/wp-json\/wp\/v2\/product_tag?post=777"}],"curies":[{"name":"wp","href":"https:\/\/api.w.org\/{rel}","templated":true}]}}