{"id":775,"date":"2023-06-24T17:28:27","date_gmt":"2023-06-24T10:28:27","guid":{"rendered":"https:\/\/yinkata.com\/tusach\/index.php\/san-pham\/huong-vi-cua-dat-van-lang-di-su\/"},"modified":"2023-06-24T17:51:26","modified_gmt":"2023-06-24T10:51:26","slug":"huong-vi-cua-dat-van-lang-di-su","status":"publish","type":"product","link":"https:\/\/yinkata.com\/tusach\/index.php\/san-pham\/huong-vi-cua-dat-van-lang-di-su\/","title":{"rendered":"H\u01af\u01a0NG V\u1eca C\u1ee6A \u0110\u1ea4T &#8211; V\u0102N LANG D\u1eca S\u1eec"},"content":{"rendered":"<p>T\u00e1c Gi\u1ea3: Th\u00edch Nh\u1ea5t H\u1ea1nh<br \/>\nD\u1ecbch Gi\u1ea3: &#8211;<br \/>\nNh\u00e0 Xu\u1ea5t B\u1ea3n: Nxb V\u0103n H\u00f3a S\u00e0i G\u00f2n<br \/>\nNg\u00f4n Ng\u1eef: Ti\u1ebfng Vi\u1ec7t<\/p>\n","protected":false},"excerpt":{"rendered":"<p>T\u00e1c Gi\u1ea3: Th\u00edch Nh\u1ea5t H\u1ea1nh D\u1ecbch Gi\u1ea3: &#8211; Nh\u00e0 Xu\u1ea5t B\u1ea3n: Nxb V\u0103n H\u00f3a S\u00e0i G\u00f2n Ng\u00f4n Ng\u1eef: Ti\u1ebfng Vi\u1ec7t<\/p>\n","protected":false},"featured_media":0,"comment_status":"open","ping_status":"closed","template":"","meta":[],"product_cat":[43],"product_tag":[],"class_list":["post-775","product","type-product","status-publish","hentry","product_cat-vhl"],"_links":{"self":[{"href":"https:\/\/yinkata.com\/tusach\/index.php\/wp-json\/wp\/v2\/product\/775","targetHints":{"allow":["GET"]}}],"collection":[{"href":"https:\/\/yinkata.com\/tusach\/index.php\/wp-json\/wp\/v2\/product"}],"about":[{"href":"https:\/\/yinkata.com\/tusach\/index.php\/wp-json\/wp\/v2\/types\/product"}],"replies":[{"embeddable":true,"href":"https:\/\/yinkata.com\/tusach\/index.php\/wp-json\/wp\/v2\/comments?post=775"}],"wp:attachment":[{"href":"https:\/\/yinkata.com\/tusach\/index.php\/wp-json\/wp\/v2\/media?parent=775"}],"wp:term":[{"taxonomy":"product_cat","embeddable":true,"href":"https:\/\/yinkata.com\/tusach\/index.php\/wp-json\/wp\/v2\/product_cat?post=775"},{"taxonomy":"product_tag","embeddable":true,"href":"https:\/\/yinkata.com\/tusach\/index.php\/wp-json\/wp\/v2\/product_tag?post=775"}],"curies":[{"name":"wp","href":"https:\/\/api.w.org\/{rel}","templated":true}]}}