{"id":772,"date":"2023-06-24T17:28:27","date_gmt":"2023-06-24T10:28:27","guid":{"rendered":"https:\/\/yinkata.com\/tusach\/index.php\/san-pham\/hoi-tho-nuoi-duong-tri-lieu-quyen-1-2\/"},"modified":"2023-06-24T17:51:25","modified_gmt":"2023-06-24T10:51:25","slug":"hoi-tho-nuoi-duong-tri-lieu-quyen-1-2","status":"publish","type":"product","link":"https:\/\/yinkata.com\/tusach\/index.php\/san-pham\/hoi-tho-nuoi-duong-tri-lieu-quyen-1-2\/","title":{"rendered":"H\u01a0I TH\u1ede NU\u00d4I D\u01af\u1ee0NG &#038; TR\u1eca LI\u1ec6U (QUY\u1ec2N 1\/2)"},"content":{"rendered":"<p>T\u00e1c Gi\u1ea3: Th\u00edch Nh\u1ea5t H\u1ea1nh<br \/>\nD\u1ecbch Gi\u1ea3: Th\u00edch Ch\u00e2n Ph\u00e1p Ni\u1ec7m<br \/>\nNh\u00e0 Xu\u1ea5t B\u1ea3n: Nxb V\u0103n H\u00f3a S\u00e0i G\u00f2n<br \/>\nNg\u00f4n Ng\u1eef: Ti\u1ebfng Vi\u1ec7t<\/p>\n","protected":false},"excerpt":{"rendered":"<p>T\u00e1c Gi\u1ea3: Th\u00edch Nh\u1ea5t H\u1ea1nh D\u1ecbch Gi\u1ea3: Th\u00edch Ch\u00e2n Ph\u00e1p Ni\u1ec7m Nh\u00e0 Xu\u1ea5t B\u1ea3n: Nxb V\u0103n H\u00f3a S\u00e0i G\u00f2n Ng\u00f4n Ng\u1eef: Ti\u1ebfng Vi\u1ec7t<\/p>\n","protected":false},"featured_media":0,"comment_status":"open","ping_status":"closed","template":"","meta":[],"product_cat":[41],"product_tag":[],"class_list":["post-772","product","type-product","status-publish","hentry","product_cat-tdq"],"_links":{"self":[{"href":"https:\/\/yinkata.com\/tusach\/index.php\/wp-json\/wp\/v2\/product\/772","targetHints":{"allow":["GET"]}}],"collection":[{"href":"https:\/\/yinkata.com\/tusach\/index.php\/wp-json\/wp\/v2\/product"}],"about":[{"href":"https:\/\/yinkata.com\/tusach\/index.php\/wp-json\/wp\/v2\/types\/product"}],"replies":[{"embeddable":true,"href":"https:\/\/yinkata.com\/tusach\/index.php\/wp-json\/wp\/v2\/comments?post=772"}],"wp:attachment":[{"href":"https:\/\/yinkata.com\/tusach\/index.php\/wp-json\/wp\/v2\/media?parent=772"}],"wp:term":[{"taxonomy":"product_cat","embeddable":true,"href":"https:\/\/yinkata.com\/tusach\/index.php\/wp-json\/wp\/v2\/product_cat?post=772"},{"taxonomy":"product_tag","embeddable":true,"href":"https:\/\/yinkata.com\/tusach\/index.php\/wp-json\/wp\/v2\/product_tag?post=772"}],"curies":[{"name":"wp","href":"https:\/\/api.w.org\/{rel}","templated":true}]}}