{"id":765,"date":"2023-06-24T17:28:25","date_gmt":"2023-06-24T10:28:25","guid":{"rendered":"https:\/\/yinkata.com\/tusach\/index.php\/san-pham\/hanh-trinh-ve-phuong-dong\/"},"modified":"2023-06-24T17:51:24","modified_gmt":"2023-06-24T10:51:24","slug":"hanh-trinh-ve-phuong-dong","status":"publish","type":"product","link":"https:\/\/yinkata.com\/tusach\/index.php\/san-pham\/hanh-trinh-ve-phuong-dong\/","title":{"rendered":"H\u00c0NH TR\u00ccNH V\u1ec0 PH\u01af\u01a0NG \u0110\u00d4NG"},"content":{"rendered":"<p>T\u00e1c Gi\u1ea3: Braird T.Spalding<br \/>\nD\u1ecbch Gi\u1ea3: Nguy\u00ean Phong<br \/>\nNh\u00e0 Xu\u1ea5t B\u1ea3n: Nxb Th\u1ebf Gi\u1edbi<br \/>\nNg\u00f4n Ng\u1eef: Ti\u1ebfng Vi\u1ec7t<\/p>\n","protected":false},"excerpt":{"rendered":"<p>T\u00e1c Gi\u1ea3: Braird T.Spalding D\u1ecbch Gi\u1ea3: Nguy\u00ean Phong Nh\u00e0 Xu\u1ea5t B\u1ea3n: Nxb Th\u1ebf Gi\u1edbi Ng\u00f4n Ng\u1eef: Ti\u1ebfng Vi\u1ec7t<\/p>\n","protected":false},"featured_media":0,"comment_status":"open","ping_status":"closed","template":"","meta":[],"product_cat":[22],"product_tag":[],"class_list":["post-765","product","type-product","status-publish","hentry","product_cat-tgi"],"_links":{"self":[{"href":"https:\/\/yinkata.com\/tusach\/index.php\/wp-json\/wp\/v2\/product\/765","targetHints":{"allow":["GET"]}}],"collection":[{"href":"https:\/\/yinkata.com\/tusach\/index.php\/wp-json\/wp\/v2\/product"}],"about":[{"href":"https:\/\/yinkata.com\/tusach\/index.php\/wp-json\/wp\/v2\/types\/product"}],"replies":[{"embeddable":true,"href":"https:\/\/yinkata.com\/tusach\/index.php\/wp-json\/wp\/v2\/comments?post=765"}],"wp:attachment":[{"href":"https:\/\/yinkata.com\/tusach\/index.php\/wp-json\/wp\/v2\/media?parent=765"}],"wp:term":[{"taxonomy":"product_cat","embeddable":true,"href":"https:\/\/yinkata.com\/tusach\/index.php\/wp-json\/wp\/v2\/product_cat?post=765"},{"taxonomy":"product_tag","embeddable":true,"href":"https:\/\/yinkata.com\/tusach\/index.php\/wp-json\/wp\/v2\/product_tag?post=765"}],"curies":[{"name":"wp","href":"https:\/\/api.w.org\/{rel}","templated":true}]}}