{"id":764,"date":"2023-06-24T17:28:25","date_gmt":"2023-06-24T10:28:25","guid":{"rendered":"https:\/\/yinkata.com\/tusach\/index.php\/san-pham\/hanh-trinh-cua-linh-hon\/"},"modified":"2023-06-24T17:51:24","modified_gmt":"2023-06-24T10:51:24","slug":"hanh-trinh-cua-linh-hon","status":"publish","type":"product","link":"https:\/\/yinkata.com\/tusach\/index.php\/san-pham\/hanh-trinh-cua-linh-hon\/","title":{"rendered":"H\u00c0NH TR\u00ccNH C\u1ee6A LINH H\u1ed2N"},"content":{"rendered":"<p>T\u00e1c Gi\u1ea3: Ts. Michael Newton<br \/>\nD\u1ecbch Gi\u1ea3: Thanh Huy\u1ec1n<br \/>\nNh\u00e0 Xu\u1ea5t B\u1ea3n: Nxb V\u0103n H\u00f3a D\u00e2n T\u1ed9c<br \/>\nNg\u00f4n Ng\u1eef: Ti\u1ebfng Vi\u1ec7t<\/p>\n","protected":false},"excerpt":{"rendered":"<p>T\u00e1c Gi\u1ea3: Ts. Michael Newton D\u1ecbch Gi\u1ea3: Thanh Huy\u1ec1n Nh\u00e0 Xu\u1ea5t B\u1ea3n: Nxb V\u0103n H\u00f3a D\u00e2n T\u1ed9c Ng\u00f4n Ng\u1eef: Ti\u1ebfng Vi\u1ec7t<\/p>\n","protected":false},"featured_media":0,"comment_status":"open","ping_status":"closed","template":"","meta":[],"product_cat":[22],"product_tag":[],"class_list":["post-764","product","type-product","status-publish","hentry","product_cat-tgi"],"_links":{"self":[{"href":"https:\/\/yinkata.com\/tusach\/index.php\/wp-json\/wp\/v2\/product\/764","targetHints":{"allow":["GET"]}}],"collection":[{"href":"https:\/\/yinkata.com\/tusach\/index.php\/wp-json\/wp\/v2\/product"}],"about":[{"href":"https:\/\/yinkata.com\/tusach\/index.php\/wp-json\/wp\/v2\/types\/product"}],"replies":[{"embeddable":true,"href":"https:\/\/yinkata.com\/tusach\/index.php\/wp-json\/wp\/v2\/comments?post=764"}],"wp:attachment":[{"href":"https:\/\/yinkata.com\/tusach\/index.php\/wp-json\/wp\/v2\/media?parent=764"}],"wp:term":[{"taxonomy":"product_cat","embeddable":true,"href":"https:\/\/yinkata.com\/tusach\/index.php\/wp-json\/wp\/v2\/product_cat?post=764"},{"taxonomy":"product_tag","embeddable":true,"href":"https:\/\/yinkata.com\/tusach\/index.php\/wp-json\/wp\/v2\/product_tag?post=764"}],"curies":[{"name":"wp","href":"https:\/\/api.w.org\/{rel}","templated":true}]}}