{"id":741,"date":"2023-06-24T17:28:05","date_gmt":"2023-06-24T10:28:05","guid":{"rendered":"https:\/\/yinkata.com\/tusach\/index.php\/san-pham\/harry-potter-tap-1-7-hon-da-phu-thuy\/"},"modified":"2023-06-24T17:51:18","modified_gmt":"2023-06-24T10:51:18","slug":"harry-potter-tap-1-7-hon-da-phu-thuy","status":"publish","type":"product","link":"https:\/\/yinkata.com\/tusach\/index.php\/san-pham\/harry-potter-tap-1-7-hon-da-phu-thuy\/","title":{"rendered":"HARRY POTTER (T\u1eacP 1\/7): H\u00d2N \u0110\u00c1 PH\u00d9 TH\u1ee6Y"},"content":{"rendered":"<p>T\u00e1c Gi\u1ea3: J.K. Rowling<br \/>\nD\u1ecbch Gi\u1ea3: L\u00fd Lan<br \/>\nNh\u00e0 Xu\u1ea5t B\u1ea3n: Nxb V\u0103n H\u1ecdc<br \/>\nNg\u00f4n Ng\u1eef: Ti\u1ebfng Vi\u1ec7t<\/p>\n","protected":false},"excerpt":{"rendered":"<p>T\u00e1c Gi\u1ea3: J.K. Rowling D\u1ecbch Gi\u1ea3: L\u00fd Lan Nh\u00e0 Xu\u1ea5t B\u1ea3n: Nxb V\u0103n H\u1ecdc Ng\u00f4n Ng\u1eef: Ti\u1ebfng Vi\u1ec7t<\/p>\n","protected":false},"featured_media":0,"comment_status":"open","ping_status":"closed","template":"","meta":[],"product_cat":[36],"product_tag":[],"class_list":["post-741","product","type-product","status-publish","hentry","product_cat-vcd"],"_links":{"self":[{"href":"https:\/\/yinkata.com\/tusach\/index.php\/wp-json\/wp\/v2\/product\/741","targetHints":{"allow":["GET"]}}],"collection":[{"href":"https:\/\/yinkata.com\/tusach\/index.php\/wp-json\/wp\/v2\/product"}],"about":[{"href":"https:\/\/yinkata.com\/tusach\/index.php\/wp-json\/wp\/v2\/types\/product"}],"replies":[{"embeddable":true,"href":"https:\/\/yinkata.com\/tusach\/index.php\/wp-json\/wp\/v2\/comments?post=741"}],"wp:attachment":[{"href":"https:\/\/yinkata.com\/tusach\/index.php\/wp-json\/wp\/v2\/media?parent=741"}],"wp:term":[{"taxonomy":"product_cat","embeddable":true,"href":"https:\/\/yinkata.com\/tusach\/index.php\/wp-json\/wp\/v2\/product_cat?post=741"},{"taxonomy":"product_tag","embeddable":true,"href":"https:\/\/yinkata.com\/tusach\/index.php\/wp-json\/wp\/v2\/product_tag?post=741"}],"curies":[{"name":"wp","href":"https:\/\/api.w.org\/{rel}","templated":true}]}}