{"id":723,"date":"2023-06-24T17:28:02","date_gmt":"2023-06-24T10:28:02","guid":{"rendered":"https:\/\/yinkata.com\/tusach\/index.php\/san-pham\/giao-duc-va-y-nghia-cuoc-song\/"},"modified":"2023-06-24T17:51:15","modified_gmt":"2023-06-24T10:51:15","slug":"giao-duc-va-y-nghia-cuoc-song","status":"publish","type":"product","link":"https:\/\/yinkata.com\/tusach\/index.php\/san-pham\/giao-duc-va-y-nghia-cuoc-song\/","title":{"rendered":"GI\u00c1O D\u1ee4C V\u00c0 \u00dd NGH\u0128A CU\u1ed8C S\u1ed0NG"},"content":{"rendered":"<p>T\u00e1c Gi\u1ea3: Krishnamurti<br \/>\nD\u1ecbch Gi\u1ea3: \u0110inh H\u1ed3ng Ph\u00fac<br \/>\nNh\u00e0 Xu\u1ea5t B\u1ea3n: Nxb H\u1ed3ng \u0110\u1ee9c<br \/>\nNg\u00f4n Ng\u1eef: Ti\u1ebfng Vi\u1ec7t<\/p>\n","protected":false},"excerpt":{"rendered":"<p>T\u00e1c Gi\u1ea3: Krishnamurti D\u1ecbch Gi\u1ea3: \u0110inh H\u1ed3ng Ph\u00fac Nh\u00e0 Xu\u1ea5t B\u1ea3n: Nxb H\u1ed3ng \u0110\u1ee9c Ng\u00f4n Ng\u1eef: Ti\u1ebfng Vi\u1ec7t<\/p>\n","protected":false},"featured_media":0,"comment_status":"open","ping_status":"closed","template":"","meta":[],"product_cat":[22],"product_tag":[],"class_list":["post-723","product","type-product","status-publish","hentry","product_cat-tgi"],"_links":{"self":[{"href":"https:\/\/yinkata.com\/tusach\/index.php\/wp-json\/wp\/v2\/product\/723","targetHints":{"allow":["GET"]}}],"collection":[{"href":"https:\/\/yinkata.com\/tusach\/index.php\/wp-json\/wp\/v2\/product"}],"about":[{"href":"https:\/\/yinkata.com\/tusach\/index.php\/wp-json\/wp\/v2\/types\/product"}],"replies":[{"embeddable":true,"href":"https:\/\/yinkata.com\/tusach\/index.php\/wp-json\/wp\/v2\/comments?post=723"}],"wp:attachment":[{"href":"https:\/\/yinkata.com\/tusach\/index.php\/wp-json\/wp\/v2\/media?parent=723"}],"wp:term":[{"taxonomy":"product_cat","embeddable":true,"href":"https:\/\/yinkata.com\/tusach\/index.php\/wp-json\/wp\/v2\/product_cat?post=723"},{"taxonomy":"product_tag","embeddable":true,"href":"https:\/\/yinkata.com\/tusach\/index.php\/wp-json\/wp\/v2\/product_tag?post=723"}],"curies":[{"name":"wp","href":"https:\/\/api.w.org\/{rel}","templated":true}]}}