{"id":709,"date":"2023-06-24T17:27:56","date_gmt":"2023-06-24T10:27:56","guid":{"rendered":"https:\/\/yinkata.com\/tusach\/index.php\/san-pham\/demonata-tap-10-10-nhung-anh-hung-cua-dia-nguc\/"},"modified":"2023-06-24T17:51:11","modified_gmt":"2023-06-24T10:51:11","slug":"demonata-tap-10-10-nhung-anh-hung-cua-dia-nguc","status":"publish","type":"product","link":"https:\/\/yinkata.com\/tusach\/index.php\/san-pham\/demonata-tap-10-10-nhung-anh-hung-cua-dia-nguc\/","title":{"rendered":"DEMONATA (T\u1eacP 10\/10): NH\u1eeeNG ANH H\u00d9NG C\u1ee6A \u0110\u1ecaA NG\u1ee4C"},"content":{"rendered":"<p>T\u00e1c Gi\u1ea3: Darren Shan Demonata<br \/>\nD\u1ecbch Gi\u1ea3: Nguy\u1ec5n Th\u00e0nh Nh\u00e2n<br \/>\nNh\u00e0 Xu\u1ea5t B\u1ea3n: Nxb Tr\u1ebb<br \/>\nNg\u00f4n Ng\u1eef: Ti\u1ebfng Vi\u1ec7t<\/p>\n","protected":false},"excerpt":{"rendered":"<p>T\u00e1c Gi\u1ea3: Darren Shan Demonata D\u1ecbch Gi\u1ea3: Nguy\u1ec5n Th\u00e0nh Nh\u00e2n Nh\u00e0 Xu\u1ea5t B\u1ea3n: Nxb Tr\u1ebb Ng\u00f4n Ng\u1eef: Ti\u1ebfng Vi\u1ec7t<\/p>\n","protected":false},"featured_media":0,"comment_status":"open","ping_status":"closed","template":"","meta":[],"product_cat":[39],"product_tag":[],"class_list":["post-709","product","type-product","status-publish","hentry","product_cat-vhg"],"_links":{"self":[{"href":"https:\/\/yinkata.com\/tusach\/index.php\/wp-json\/wp\/v2\/product\/709","targetHints":{"allow":["GET"]}}],"collection":[{"href":"https:\/\/yinkata.com\/tusach\/index.php\/wp-json\/wp\/v2\/product"}],"about":[{"href":"https:\/\/yinkata.com\/tusach\/index.php\/wp-json\/wp\/v2\/types\/product"}],"replies":[{"embeddable":true,"href":"https:\/\/yinkata.com\/tusach\/index.php\/wp-json\/wp\/v2\/comments?post=709"}],"wp:attachment":[{"href":"https:\/\/yinkata.com\/tusach\/index.php\/wp-json\/wp\/v2\/media?parent=709"}],"wp:term":[{"taxonomy":"product_cat","embeddable":true,"href":"https:\/\/yinkata.com\/tusach\/index.php\/wp-json\/wp\/v2\/product_cat?post=709"},{"taxonomy":"product_tag","embeddable":true,"href":"https:\/\/yinkata.com\/tusach\/index.php\/wp-json\/wp\/v2\/product_tag?post=709"}],"curies":[{"name":"wp","href":"https:\/\/api.w.org\/{rel}","templated":true}]}}