{"id":706,"date":"2023-06-24T17:27:55","date_gmt":"2023-06-24T10:27:55","guid":{"rendered":"https:\/\/yinkata.com\/tusach\/index.php\/san-pham\/demonata-tap-07-10-cai-bong-cua-tu-than\/"},"modified":"2023-06-24T17:51:11","modified_gmt":"2023-06-24T10:51:11","slug":"demonata-tap-07-10-cai-bong-cua-tu-than","status":"publish","type":"product","link":"https:\/\/yinkata.com\/tusach\/index.php\/san-pham\/demonata-tap-07-10-cai-bong-cua-tu-than\/","title":{"rendered":"DEMONATA (T\u1eacP 07\/10): C\u00c1I B\u00d3NG C\u1ee6A T\u1eec TH\u1ea6N"},"content":{"rendered":"<p>T\u00e1c Gi\u1ea3: Darren Shan Demonata<br \/>\nD\u1ecbch Gi\u1ea3: Nguy\u1ec5n Th\u00e0nh Nh\u00e2n<br \/>\nNh\u00e0 Xu\u1ea5t B\u1ea3n: Nxb Tr\u1ebb<br \/>\nNg\u00f4n Ng\u1eef: Ti\u1ebfng Vi\u1ec7t<\/p>\n","protected":false},"excerpt":{"rendered":"<p>T\u00e1c Gi\u1ea3: Darren Shan Demonata D\u1ecbch Gi\u1ea3: Nguy\u1ec5n Th\u00e0nh Nh\u00e2n Nh\u00e0 Xu\u1ea5t B\u1ea3n: Nxb Tr\u1ebb Ng\u00f4n Ng\u1eef: Ti\u1ebfng Vi\u1ec7t<\/p>\n","protected":false},"featured_media":0,"comment_status":"open","ping_status":"closed","template":"","meta":[],"product_cat":[39],"product_tag":[],"class_list":["post-706","product","type-product","status-publish","hentry","product_cat-vhg"],"_links":{"self":[{"href":"https:\/\/yinkata.com\/tusach\/index.php\/wp-json\/wp\/v2\/product\/706","targetHints":{"allow":["GET"]}}],"collection":[{"href":"https:\/\/yinkata.com\/tusach\/index.php\/wp-json\/wp\/v2\/product"}],"about":[{"href":"https:\/\/yinkata.com\/tusach\/index.php\/wp-json\/wp\/v2\/types\/product"}],"replies":[{"embeddable":true,"href":"https:\/\/yinkata.com\/tusach\/index.php\/wp-json\/wp\/v2\/comments?post=706"}],"wp:attachment":[{"href":"https:\/\/yinkata.com\/tusach\/index.php\/wp-json\/wp\/v2\/media?parent=706"}],"wp:term":[{"taxonomy":"product_cat","embeddable":true,"href":"https:\/\/yinkata.com\/tusach\/index.php\/wp-json\/wp\/v2\/product_cat?post=706"},{"taxonomy":"product_tag","embeddable":true,"href":"https:\/\/yinkata.com\/tusach\/index.php\/wp-json\/wp\/v2\/product_tag?post=706"}],"curies":[{"name":"wp","href":"https:\/\/api.w.org\/{rel}","templated":true}]}}