{"id":680,"date":"2023-06-24T17:27:47","date_gmt":"2023-06-24T10:27:47","guid":{"rendered":"https:\/\/yinkata.com\/tusach\/index.php\/san-pham\/chua-lanh-nam-giac-quan\/"},"modified":"2023-06-24T17:51:05","modified_gmt":"2023-06-24T10:51:05","slug":"chua-lanh-nam-giac-quan","status":"publish","type":"product","link":"https:\/\/yinkata.com\/tusach\/index.php\/san-pham\/chua-lanh-nam-giac-quan\/","title":{"rendered":"CH\u1eeeA L\u00c0NH N\u0102M GI\u00c1C QUAN"},"content":{"rendered":"<p>T\u00e1c Gi\u1ea3: Park Ji Sook<br \/>\nD\u1ecbch Gi\u1ea3: L\u00ea Ki\u1ec1u Trang<br \/>\nNh\u00e0 Xu\u1ea5t B\u1ea3n: Nxb Thanh Ni\u00ean<br \/>\nNg\u00f4n Ng\u1eef: Ti\u1ebfng Vi\u1ec7t<\/p>\n","protected":false},"excerpt":{"rendered":"<p>T\u00e1c Gi\u1ea3: Park Ji Sook D\u1ecbch Gi\u1ea3: L\u00ea Ki\u1ec1u Trang Nh\u00e0 Xu\u1ea5t B\u1ea3n: Nxb Thanh Ni\u00ean Ng\u00f4n Ng\u1eef: Ti\u1ebfng Vi\u1ec7t<\/p>\n","protected":false},"featured_media":0,"comment_status":"open","ping_status":"closed","template":"","meta":[],"product_cat":[22],"product_tag":[],"class_list":["post-680","product","type-product","status-publish","hentry","product_cat-tgi"],"_links":{"self":[{"href":"https:\/\/yinkata.com\/tusach\/index.php\/wp-json\/wp\/v2\/product\/680","targetHints":{"allow":["GET"]}}],"collection":[{"href":"https:\/\/yinkata.com\/tusach\/index.php\/wp-json\/wp\/v2\/product"}],"about":[{"href":"https:\/\/yinkata.com\/tusach\/index.php\/wp-json\/wp\/v2\/types\/product"}],"replies":[{"embeddable":true,"href":"https:\/\/yinkata.com\/tusach\/index.php\/wp-json\/wp\/v2\/comments?post=680"}],"wp:attachment":[{"href":"https:\/\/yinkata.com\/tusach\/index.php\/wp-json\/wp\/v2\/media?parent=680"}],"wp:term":[{"taxonomy":"product_cat","embeddable":true,"href":"https:\/\/yinkata.com\/tusach\/index.php\/wp-json\/wp\/v2\/product_cat?post=680"},{"taxonomy":"product_tag","embeddable":true,"href":"https:\/\/yinkata.com\/tusach\/index.php\/wp-json\/wp\/v2\/product_tag?post=680"}],"curies":[{"name":"wp","href":"https:\/\/api.w.org\/{rel}","templated":true}]}}