{"id":650,"date":"2023-06-24T17:27:38","date_gmt":"2023-06-24T10:27:38","guid":{"rendered":"https:\/\/yinkata.com\/tusach\/index.php\/san-pham\/benh-hoc-lao\/"},"modified":"2023-06-24T17:50:58","modified_gmt":"2023-06-24T10:50:58","slug":"benh-hoc-lao","status":"publish","type":"product","link":"https:\/\/yinkata.com\/tusach\/index.php\/san-pham\/benh-hoc-lao\/","title":{"rendered":"B\u1ec6NH H\u1eccC LAO"},"content":{"rendered":"<p>T\u00e1c Gi\u1ea3: Quang V\u0103n Tr\u00ed-Ng\u00f4 Thanh B\u00ecnh<br \/>\nD\u1ecbch Gi\u1ea3: &#8211;<br \/>\nNh\u00e0 Xu\u1ea5t B\u1ea3n: B\u1ed9 M\u00f4n Lao V\u00e0 B\u1ec7nh Ph\u1ed5i-\u0110\u1ea1i H\u1ecdc Y D\u01b0\u1ee3c Tphcm<br \/>\nNg\u00f4n Ng\u1eef: Ti\u1ebfng Vi\u1ec7t<\/p>\n","protected":false},"excerpt":{"rendered":"<p>T\u00e1c Gi\u1ea3: Quang V\u0103n Tr\u00ed-Ng\u00f4 Thanh B\u00ecnh D\u1ecbch Gi\u1ea3: &#8211; Nh\u00e0 Xu\u1ea5t B\u1ea3n: B\u1ed9 M\u00f4n Lao V\u00e0 B\u1ec7nh Ph\u1ed5i-\u0110\u1ea1i H\u1ecdc Y D\u01b0\u1ee3c Tphcm Ng\u00f4n Ng\u1eef: Ti\u1ebfng Vi\u1ec7t<\/p>\n","protected":false},"featured_media":0,"comment_status":"open","ping_status":"closed","template":"","meta":[],"product_cat":[44],"product_tag":[],"class_list":["post-650","product","type-product","status-publish","hentry","product_cat-yds"],"_links":{"self":[{"href":"https:\/\/yinkata.com\/tusach\/index.php\/wp-json\/wp\/v2\/product\/650","targetHints":{"allow":["GET"]}}],"collection":[{"href":"https:\/\/yinkata.com\/tusach\/index.php\/wp-json\/wp\/v2\/product"}],"about":[{"href":"https:\/\/yinkata.com\/tusach\/index.php\/wp-json\/wp\/v2\/types\/product"}],"replies":[{"embeddable":true,"href":"https:\/\/yinkata.com\/tusach\/index.php\/wp-json\/wp\/v2\/comments?post=650"}],"wp:attachment":[{"href":"https:\/\/yinkata.com\/tusach\/index.php\/wp-json\/wp\/v2\/media?parent=650"}],"wp:term":[{"taxonomy":"product_cat","embeddable":true,"href":"https:\/\/yinkata.com\/tusach\/index.php\/wp-json\/wp\/v2\/product_cat?post=650"},{"taxonomy":"product_tag","embeddable":true,"href":"https:\/\/yinkata.com\/tusach\/index.php\/wp-json\/wp\/v2\/product_tag?post=650"}],"curies":[{"name":"wp","href":"https:\/\/api.w.org\/{rel}","templated":true}]}}