{"id":649,"date":"2023-06-24T17:27:38","date_gmt":"2023-06-24T10:27:38","guid":{"rendered":"https:\/\/yinkata.com\/tusach\/index.php\/san-pham\/ban-cung-tot\/"},"modified":"2023-06-24T17:50:58","modified_gmt":"2023-06-24T10:50:58","slug":"ban-cung-tot","status":"publish","type":"product","link":"https:\/\/yinkata.com\/tusach\/index.php\/san-pham\/ban-cung-tot\/","title":{"rendered":"B\u1ea8N C\u0168NG T\u1ed0T"},"content":{"rendered":"<p>T\u00e1c Gi\u1ea3: Jack Gibert-Rob Knight-Sandra Blakeslee<br \/>\nD\u1ecbch Gi\u1ea3: B\u00f9i Kh\u00e1nh Chi<br \/>\nNh\u00e0 Xu\u1ea5t B\u1ea3n: Nxb Th\u1ebf Gi\u1edbi<br \/>\nNg\u00f4n Ng\u1eef: Ti\u1ebfng Vi\u1ec7t<\/p>\n","protected":false},"excerpt":{"rendered":"<p>T\u00e1c Gi\u1ea3: Jack Gibert-Rob Knight-Sandra Blakeslee D\u1ecbch Gi\u1ea3: B\u00f9i Kh\u00e1nh Chi Nh\u00e0 Xu\u1ea5t B\u1ea3n: Nxb Th\u1ebf Gi\u1edbi Ng\u00f4n Ng\u1eef: Ti\u1ebfng Vi\u1ec7t<\/p>\n","protected":false},"featured_media":0,"comment_status":"open","ping_status":"closed","template":"","meta":[],"product_cat":[29],"product_tag":[],"class_list":["post-649","product","type-product","status-publish","hentry","product_cat-skh"],"_links":{"self":[{"href":"https:\/\/yinkata.com\/tusach\/index.php\/wp-json\/wp\/v2\/product\/649","targetHints":{"allow":["GET"]}}],"collection":[{"href":"https:\/\/yinkata.com\/tusach\/index.php\/wp-json\/wp\/v2\/product"}],"about":[{"href":"https:\/\/yinkata.com\/tusach\/index.php\/wp-json\/wp\/v2\/types\/product"}],"replies":[{"embeddable":true,"href":"https:\/\/yinkata.com\/tusach\/index.php\/wp-json\/wp\/v2\/comments?post=649"}],"wp:attachment":[{"href":"https:\/\/yinkata.com\/tusach\/index.php\/wp-json\/wp\/v2\/media?parent=649"}],"wp:term":[{"taxonomy":"product_cat","embeddable":true,"href":"https:\/\/yinkata.com\/tusach\/index.php\/wp-json\/wp\/v2\/product_cat?post=649"},{"taxonomy":"product_tag","embeddable":true,"href":"https:\/\/yinkata.com\/tusach\/index.php\/wp-json\/wp\/v2\/product_tag?post=649"}],"curies":[{"name":"wp","href":"https:\/\/api.w.org\/{rel}","templated":true}]}}