{"id":646,"date":"2023-06-24T17:27:37","date_gmt":"2023-06-24T10:27:37","guid":{"rendered":"https:\/\/yinkata.com\/tusach\/index.php\/san-pham\/buoc-dau-huong-dan-luyen-khi-cong\/"},"modified":"2023-06-24T17:50:58","modified_gmt":"2023-06-24T10:50:58","slug":"buoc-dau-huong-dan-luyen-khi-cong","status":"publish","type":"product","link":"https:\/\/yinkata.com\/tusach\/index.php\/san-pham\/buoc-dau-huong-dan-luyen-khi-cong\/","title":{"rendered":"B\u01af\u1edaC \u0110\u1ea6U H\u01af\u1edaNG D\u1eaaN LUY\u1ec6N KH\u00cd C\u00d4NG"},"content":{"rendered":"<p>T\u00e1c Gi\u1ea3: \u0110\u1ed7 \u0110\u1ee9c Ng\u1ecdc<br \/>\nD\u1ecbch Gi\u1ea3: &#8211;<br \/>\nNh\u00e0 Xu\u1ea5t B\u1ea3n: Nxb Thanh H\u00f3a<br \/>\nNg\u00f4n Ng\u1eef: Ti\u1ebfng Vi\u1ec7t<\/p>\n","protected":false},"excerpt":{"rendered":"<p>T\u00e1c Gi\u1ea3: \u0110\u1ed7 \u0110\u1ee9c Ng\u1ecdc D\u1ecbch Gi\u1ea3: &#8211; Nh\u00e0 Xu\u1ea5t B\u1ea3n: Nxb Thanh H\u00f3a Ng\u00f4n Ng\u1eef: Ti\u1ebfng Vi\u1ec7t<\/p>\n","protected":false},"featured_media":0,"comment_status":"open","ping_status":"closed","template":"","meta":[],"product_cat":[42],"product_tag":[],"class_list":["post-646","product","type-product","status-publish","hentry","product_cat-yog"],"_links":{"self":[{"href":"https:\/\/yinkata.com\/tusach\/index.php\/wp-json\/wp\/v2\/product\/646","targetHints":{"allow":["GET"]}}],"collection":[{"href":"https:\/\/yinkata.com\/tusach\/index.php\/wp-json\/wp\/v2\/product"}],"about":[{"href":"https:\/\/yinkata.com\/tusach\/index.php\/wp-json\/wp\/v2\/types\/product"}],"replies":[{"embeddable":true,"href":"https:\/\/yinkata.com\/tusach\/index.php\/wp-json\/wp\/v2\/comments?post=646"}],"wp:attachment":[{"href":"https:\/\/yinkata.com\/tusach\/index.php\/wp-json\/wp\/v2\/media?parent=646"}],"wp:term":[{"taxonomy":"product_cat","embeddable":true,"href":"https:\/\/yinkata.com\/tusach\/index.php\/wp-json\/wp\/v2\/product_cat?post=646"},{"taxonomy":"product_tag","embeddable":true,"href":"https:\/\/yinkata.com\/tusach\/index.php\/wp-json\/wp\/v2\/product_tag?post=646"}],"curies":[{"name":"wp","href":"https:\/\/api.w.org\/{rel}","templated":true}]}}