{"id":640,"date":"2023-06-24T17:27:36","date_gmt":"2023-06-24T10:27:36","guid":{"rendered":"https:\/\/yinkata.com\/tusach\/index.php\/san-pham\/bi-thuat-dao-giao-tap-1-4-tam-than-dao-gia\/"},"modified":"2023-06-24T17:50:57","modified_gmt":"2023-06-24T10:50:57","slug":"bi-thuat-dao-giao-tap-1-4-tam-than-dao-gia","status":"publish","type":"product","link":"https:\/\/yinkata.com\/tusach\/index.php\/san-pham\/bi-thuat-dao-giao-tap-1-4-tam-than-dao-gia\/","title":{"rendered":"B\u00cd THU\u1eacT \u0110\u1ea0O GI\u00c1O (T\u1eacP 1\/4): T\u00c2M TH\u00c2N \u0110\u1ea0O GIA"},"content":{"rendered":"<p>T\u00e1c Gi\u1ea3: Mantak Chia<br \/>\nD\u1ecbch Gi\u1ea3: Ti\u1ebfn Th\u00e0nh<br \/>\nNh\u00e0 Xu\u1ea5t B\u1ea3n: Nxb H\u1ed3ng \u0110\u1ee9c<br \/>\nNg\u00f4n Ng\u1eef: Ti\u1ebfng Vi\u1ec7t<\/p>\n","protected":false},"excerpt":{"rendered":"<p>T\u00e1c Gi\u1ea3: Mantak Chia D\u1ecbch Gi\u1ea3: Ti\u1ebfn Th\u00e0nh Nh\u00e0 Xu\u1ea5t B\u1ea3n: Nxb H\u1ed3ng \u0110\u1ee9c Ng\u00f4n Ng\u1eef: Ti\u1ebfng Vi\u1ec7t<\/p>\n","protected":false},"featured_media":0,"comment_status":"open","ping_status":"closed","template":"","meta":[],"product_cat":[22],"product_tag":[],"class_list":["post-640","product","type-product","status-publish","hentry","product_cat-tgi"],"_links":{"self":[{"href":"https:\/\/yinkata.com\/tusach\/index.php\/wp-json\/wp\/v2\/product\/640","targetHints":{"allow":["GET"]}}],"collection":[{"href":"https:\/\/yinkata.com\/tusach\/index.php\/wp-json\/wp\/v2\/product"}],"about":[{"href":"https:\/\/yinkata.com\/tusach\/index.php\/wp-json\/wp\/v2\/types\/product"}],"replies":[{"embeddable":true,"href":"https:\/\/yinkata.com\/tusach\/index.php\/wp-json\/wp\/v2\/comments?post=640"}],"wp:attachment":[{"href":"https:\/\/yinkata.com\/tusach\/index.php\/wp-json\/wp\/v2\/media?parent=640"}],"wp:term":[{"taxonomy":"product_cat","embeddable":true,"href":"https:\/\/yinkata.com\/tusach\/index.php\/wp-json\/wp\/v2\/product_cat?post=640"},{"taxonomy":"product_tag","embeddable":true,"href":"https:\/\/yinkata.com\/tusach\/index.php\/wp-json\/wp\/v2\/product_tag?post=640"}],"curies":[{"name":"wp","href":"https:\/\/api.w.org\/{rel}","templated":true}]}}