{"id":623,"date":"2023-06-24T17:27:30","date_gmt":"2023-06-24T10:27:30","guid":{"rendered":"https:\/\/yinkata.com\/tusach\/index.php\/san-pham\/bai-tap-xac-suat-va-thong-ke-toan-co-loi-giai\/"},"modified":"2023-06-24T17:50:52","modified_gmt":"2023-06-24T10:50:52","slug":"bai-tap-xac-suat-va-thong-ke-toan-co-loi-giai","status":"publish","type":"product","link":"https:\/\/yinkata.com\/tusach\/index.php\/san-pham\/bai-tap-xac-suat-va-thong-ke-toan-co-loi-giai\/","title":{"rendered":"B\u00c0I T\u1eacP X\u00c1C SU\u1ea4T V\u00c0 TH\u1ed0NG K\u00ca TO\u00c1N (C\u00d3 L\u1edcI GI\u1ea2I)"},"content":{"rendered":"<p>T\u00e1c Gi\u1ea3: Pgs.\u0110\u1eb7ng H\u1ea5n<br \/>\nD\u1ecbch Gi\u1ea3: &#8211;<br \/>\nNh\u00e0 Xu\u1ea5t B\u1ea3n: Nxb Th\u1ed1ng K\u00ea<br \/>\nNg\u00f4n Ng\u1eef: Ti\u1ebfng Vi\u1ec7t<\/p>\n","protected":false},"excerpt":{"rendered":"<p>T\u00e1c Gi\u1ea3: Pgs.\u0110\u1eb7ng H\u1ea5n D\u1ecbch Gi\u1ea3: &#8211; Nh\u00e0 Xu\u1ea5t B\u1ea3n: Nxb Th\u1ed1ng K\u00ea Ng\u00f4n Ng\u1eef: Ti\u1ebfng Vi\u1ec7t<\/p>\n","protected":false},"featured_media":0,"comment_status":"open","ping_status":"closed","template":"","meta":[],"product_cat":[32],"product_tag":[],"class_list":["post-623","product","type-product","status-publish","hentry","product_cat-cng"],"_links":{"self":[{"href":"https:\/\/yinkata.com\/tusach\/index.php\/wp-json\/wp\/v2\/product\/623","targetHints":{"allow":["GET"]}}],"collection":[{"href":"https:\/\/yinkata.com\/tusach\/index.php\/wp-json\/wp\/v2\/product"}],"about":[{"href":"https:\/\/yinkata.com\/tusach\/index.php\/wp-json\/wp\/v2\/types\/product"}],"replies":[{"embeddable":true,"href":"https:\/\/yinkata.com\/tusach\/index.php\/wp-json\/wp\/v2\/comments?post=623"}],"wp:attachment":[{"href":"https:\/\/yinkata.com\/tusach\/index.php\/wp-json\/wp\/v2\/media?parent=623"}],"wp:term":[{"taxonomy":"product_cat","embeddable":true,"href":"https:\/\/yinkata.com\/tusach\/index.php\/wp-json\/wp\/v2\/product_cat?post=623"},{"taxonomy":"product_tag","embeddable":true,"href":"https:\/\/yinkata.com\/tusach\/index.php\/wp-json\/wp\/v2\/product_tag?post=623"}],"curies":[{"name":"wp","href":"https:\/\/api.w.org\/{rel}","templated":true}]}}