{"id":619,"date":"2023-06-24T17:27:29","date_gmt":"2023-06-24T10:27:29","guid":{"rendered":"https:\/\/yinkata.com\/tusach\/index.php\/san-pham\/bai-giang-lam-sang-tai-mui-hong\/"},"modified":"2023-06-24T17:50:52","modified_gmt":"2023-06-24T10:50:52","slug":"bai-giang-lam-sang-tai-mui-hong","status":"publish","type":"product","link":"https:\/\/yinkata.com\/tusach\/index.php\/san-pham\/bai-giang-lam-sang-tai-mui-hong\/","title":{"rendered":"B\u00c0I GI\u1ea2NG L\u00c2M S\u00c0NG TAI M\u0168I H\u1eccNG"},"content":{"rendered":"<p>T\u00e1c Gi\u1ea3: Pgs.Ts. Nguy\u1ec5n H\u1eefu Kh\u00f4i<br \/>\nD\u1ecbch Gi\u1ea3: &#8211;<br \/>\nNh\u00e0 Xu\u1ea5t B\u1ea3n: B\u1ed9 M\u00f4n Tai M\u0169i H\u1ecdng-\u0110\u1ea1i H\u1ecdc Y D\u01b0\u1ee3c Tphcm<br \/>\nNg\u00f4n Ng\u1eef: Ti\u1ebfng Vi\u1ec7t<\/p>\n","protected":false},"excerpt":{"rendered":"<p>T\u00e1c Gi\u1ea3: Pgs.Ts. Nguy\u1ec5n H\u1eefu Kh\u00f4i D\u1ecbch Gi\u1ea3: &#8211; Nh\u00e0 Xu\u1ea5t B\u1ea3n: B\u1ed9 M\u00f4n Tai M\u0169i H\u1ecdng-\u0110\u1ea1i H\u1ecdc Y D\u01b0\u1ee3c Tphcm Ng\u00f4n Ng\u1eef: Ti\u1ebfng Vi\u1ec7t<\/p>\n","protected":false},"featured_media":0,"comment_status":"open","ping_status":"closed","template":"","meta":[],"product_cat":[44],"product_tag":[],"class_list":["post-619","product","type-product","status-publish","hentry","product_cat-yds"],"_links":{"self":[{"href":"https:\/\/yinkata.com\/tusach\/index.php\/wp-json\/wp\/v2\/product\/619","targetHints":{"allow":["GET"]}}],"collection":[{"href":"https:\/\/yinkata.com\/tusach\/index.php\/wp-json\/wp\/v2\/product"}],"about":[{"href":"https:\/\/yinkata.com\/tusach\/index.php\/wp-json\/wp\/v2\/types\/product"}],"replies":[{"embeddable":true,"href":"https:\/\/yinkata.com\/tusach\/index.php\/wp-json\/wp\/v2\/comments?post=619"}],"wp:attachment":[{"href":"https:\/\/yinkata.com\/tusach\/index.php\/wp-json\/wp\/v2\/media?parent=619"}],"wp:term":[{"taxonomy":"product_cat","embeddable":true,"href":"https:\/\/yinkata.com\/tusach\/index.php\/wp-json\/wp\/v2\/product_cat?post=619"},{"taxonomy":"product_tag","embeddable":true,"href":"https:\/\/yinkata.com\/tusach\/index.php\/wp-json\/wp\/v2\/product_tag?post=619"}],"curies":[{"name":"wp","href":"https:\/\/api.w.org\/{rel}","templated":true}]}}