{"id":1085,"date":"2023-06-24T17:30:37","date_gmt":"2023-06-24T10:30:37","guid":{"rendered":"https:\/\/yinkata.com\/tusach\/index.php\/san-pham\/do-sinh-vo-bien\/"},"modified":"2023-06-25T16:46:02","modified_gmt":"2023-06-25T09:46:02","slug":"do-sinh-vo-bien","status":"publish","type":"product","link":"https:\/\/yinkata.com\/tusach\/index.php\/san-pham\/do-sinh-vo-bien\/","title":{"rendered":"\u0110\u1ed8 SINH V\u00d4 BI\u00caN"},"content":{"rendered":"<p>T\u00e1c Gi\u1ea3: Tulku Thondup<br \/>\nD\u1ecbch Gi\u1ea3: M\u1ed9c T\u1eed-Ph\u01b0\u01a1ng Lan<br \/>\nNh\u00e0 Xu\u1ea5t B\u1ea3n: Nxb T\u1eeb \u0110i\u1ec3n B\u00e1ch Khoa<br \/>\nNg\u00f4n Ng\u1eef: Ti\u1ebfng Vi\u1ec7t<\/p>\n","protected":false},"excerpt":{"rendered":"<p>T\u00e1c Gi\u1ea3: Tulku Thondup D\u1ecbch Gi\u1ea3: M\u1ed9c T\u1eed-Ph\u01b0\u01a1ng Lan Nh\u00e0 Xu\u1ea5t B\u1ea3n: Nxb T\u1eeb \u0110i\u1ec3n B\u00e1ch Khoa Ng\u00f4n Ng\u1eef: Ti\u1ebfng Vi\u1ec7t<\/p>\n","protected":false},"featured_media":1275,"comment_status":"open","ping_status":"closed","template":"","meta":[],"product_cat":[22],"product_tag":[],"class_list":["post-1085","product","type-product","status-publish","has-post-thumbnail","hentry","product_cat-tgi"],"_links":{"self":[{"href":"https:\/\/yinkata.com\/tusach\/index.php\/wp-json\/wp\/v2\/product\/1085","targetHints":{"allow":["GET"]}}],"collection":[{"href":"https:\/\/yinkata.com\/tusach\/index.php\/wp-json\/wp\/v2\/product"}],"about":[{"href":"https:\/\/yinkata.com\/tusach\/index.php\/wp-json\/wp\/v2\/types\/product"}],"replies":[{"embeddable":true,"href":"https:\/\/yinkata.com\/tusach\/index.php\/wp-json\/wp\/v2\/comments?post=1085"}],"wp:featuredmedia":[{"embeddable":true,"href":"https:\/\/yinkata.com\/tusach\/index.php\/wp-json\/wp\/v2\/media\/1275"}],"wp:attachment":[{"href":"https:\/\/yinkata.com\/tusach\/index.php\/wp-json\/wp\/v2\/media?parent=1085"}],"wp:term":[{"taxonomy":"product_cat","embeddable":true,"href":"https:\/\/yinkata.com\/tusach\/index.php\/wp-json\/wp\/v2\/product_cat?post=1085"},{"taxonomy":"product_tag","embeddable":true,"href":"https:\/\/yinkata.com\/tusach\/index.php\/wp-json\/wp\/v2\/product_tag?post=1085"}],"curies":[{"name":"wp","href":"https:\/\/api.w.org\/{rel}","templated":true}]}}