{"id":1084,"date":"2023-06-24T17:30:37","date_gmt":"2023-06-24T10:30:37","guid":{"rendered":"https:\/\/yinkata.com\/tusach\/index.php\/san-pham\/do-hinh-dien-chan-dieu-khien-lieu-phap-va-xoa-bop-viet-nam\/"},"modified":"2023-06-25T16:55:53","modified_gmt":"2023-06-25T09:55:53","slug":"do-hinh-dien-chan-dieu-khien-lieu-phap-va-xoa-bop-viet-nam","status":"publish","type":"product","link":"https:\/\/yinkata.com\/tusach\/index.php\/san-pham\/do-hinh-dien-chan-dieu-khien-lieu-phap-va-xoa-bop-viet-nam\/","title":{"rendered":"\u0110\u1ed2 H\u00ccNH DI\u1ec6N CH\u1ea8N \u0110I\u1ec0U KHI\u1ec2N LI\u1ec6U PH\u00c1P V\u00c0 XOA B\u00d3P VI\u1ec6T NAM"},"content":{"rendered":"<p>T\u00e1c Gi\u1ea3: B\u00f9i Qu\u1ed1c Ch\u00e2u<br \/>\nD\u1ecbch Gi\u1ea3: &#8211;<br \/>\nNh\u00e0 Xu\u1ea5t B\u1ea3n: Nxb \u0110\u00e0 N\u1eb5ng<br \/>\nNg\u00f4n Ng\u1eef: Ti\u1ebfng Vi\u1ec7t<\/p>\n","protected":false},"excerpt":{"rendered":"<p>T\u00e1c Gi\u1ea3: B\u00f9i Qu\u1ed1c Ch\u00e2u D\u1ecbch Gi\u1ea3: &#8211; Nh\u00e0 Xu\u1ea5t B\u1ea3n: Nxb \u0110\u00e0 N\u1eb5ng Ng\u00f4n Ng\u1eef: Ti\u1ebfng Vi\u1ec7t<\/p>\n","protected":false},"featured_media":1373,"comment_status":"open","ping_status":"closed","template":"","meta":[],"product_cat":[29],"product_tag":[],"class_list":["post-1084","product","type-product","status-publish","has-post-thumbnail","hentry","product_cat-skh"],"_links":{"self":[{"href":"https:\/\/yinkata.com\/tusach\/index.php\/wp-json\/wp\/v2\/product\/1084","targetHints":{"allow":["GET"]}}],"collection":[{"href":"https:\/\/yinkata.com\/tusach\/index.php\/wp-json\/wp\/v2\/product"}],"about":[{"href":"https:\/\/yinkata.com\/tusach\/index.php\/wp-json\/wp\/v2\/types\/product"}],"replies":[{"embeddable":true,"href":"https:\/\/yinkata.com\/tusach\/index.php\/wp-json\/wp\/v2\/comments?post=1084"}],"wp:featuredmedia":[{"embeddable":true,"href":"https:\/\/yinkata.com\/tusach\/index.php\/wp-json\/wp\/v2\/media\/1373"}],"wp:attachment":[{"href":"https:\/\/yinkata.com\/tusach\/index.php\/wp-json\/wp\/v2\/media?parent=1084"}],"wp:term":[{"taxonomy":"product_cat","embeddable":true,"href":"https:\/\/yinkata.com\/tusach\/index.php\/wp-json\/wp\/v2\/product_cat?post=1084"},{"taxonomy":"product_tag","embeddable":true,"href":"https:\/\/yinkata.com\/tusach\/index.php\/wp-json\/wp\/v2\/product_tag?post=1084"}],"curies":[{"name":"wp","href":"https:\/\/api.w.org\/{rel}","templated":true}]}}